{"id":774,"date":"2024-01-08T21:53:57","date_gmt":"2024-01-09T00:53:57","guid":{"rendered":"http:\/\/tech-inox.ind.br\/?page_id=774"},"modified":"2024-12-06T15:21:44","modified_gmt":"2024-12-06T18:21:44","slug":"bobinas","status":"publish","type":"page","link":"https:\/\/tech-inox.ind.br\/index.php\/bobinas\/","title":{"rendered":"Bobinas"},"content":{"rendered":"\t\t<div data-elementor-type=\"wp-page\" data-elementor-id=\"774\" class=\"elementor elementor-774\" data-elementor-post-type=\"page\">\n\t\t\t\t<div class=\"elementor-element elementor-element-b54764e e-con-full e-flex e-con e-parent\" data-id=\"b54764e\" data-element_type=\"container\" data-settings=\"{&quot;background_background&quot;:&quot;classic&quot;}\">\n\t\t<div class=\"elementor-element elementor-element-3b01820 e-con-full e-flex e-con e-child\" data-id=\"3b01820\" data-element_type=\"container\">\n\t\t\t\t<div class=\"elementor-element elementor-element-116db13 elementor-widget elementor-widget-image\" data-id=\"116db13\" data-element_type=\"widget\" data-widget_type=\"image.default\">\n\t\t\t\t<div class=\"elementor-widget-container\">\n\t\t\t\t\t\t\t\t\t\t\t\t\t\t\t<img fetchpriority=\"high\" decoding=\"async\" width=\"300\" height=\"300\" src=\"https:\/\/tech-inox.ind.br\/wp-content\/uploads\/2024\/01\/5.svg\" class=\"attachment-medium size-medium wp-image-705\" alt=\"Bobinas de Inox\" \/>\t\t\t\t\t\t\t\t\t\t\t\t\t\t\t<\/div>\n\t\t\t\t<\/div>\n\t\t\t\t<\/div>\n\t\t<div class=\"elementor-element elementor-element-a8442b0 e-con-full e-flex e-con e-child\" data-id=\"a8442b0\" data-element_type=\"container\">\n\t\t\t\t<div class=\"elementor-element elementor-element-2a72bf2 elementor-widget elementor-widget-heading\" data-id=\"2a72bf2\" data-element_type=\"widget\" data-widget_type=\"heading.default\">\n\t\t\t\t<div class=\"elementor-widget-container\">\n\t\t\t\t\t<h2 class=\"elementor-heading-title elementor-size-default\">Bobinas<\/h2>\t\t\t\t<\/div>\n\t\t\t\t<\/div>\n\t\t\t\t<div class=\"elementor-element elementor-element-d96bfab elementor-widget elementor-widget-text-editor\" data-id=\"d96bfab\" data-element_type=\"widget\" data-widget_type=\"text-editor.default\">\n\t\t\t\t<div class=\"elementor-widget-container\">\n\t\t\t\t\t\t\t\t\t<p>Na<strong> Tech-Inox<\/strong> voc\u00ea encontra uma ampla linha de chapas de a\u00e7o inox: <strong>lisas ou com PVC, polidas,<\/strong> <strong>escovadas, perfuradas, xadrez e recalcadas.<\/strong><\/p>\n<p>Al\u00e9m da chapa em a\u00e7o inox <strong>304<\/strong>, voc\u00ea encontra chapas nas ligas&nbsp;<\/p><p><strong>304L, 316, 316L e 430.<\/strong><\/p>\t\t\t\t\t\t\t\t<\/div>\n\t\t\t\t<\/div>\n\t\t\t\t<div class=\"elementor-element elementor-element-07ea5fe elementor-align-center elementor-widget elementor-widget-button\" data-id=\"07ea5fe\" data-element_type=\"widget\" data-widget_type=\"button.default\">\n\t\t\t\t<div class=\"elementor-widget-container\">\n\t\t\t\t\t\t\t\t\t<div class=\"elementor-button-wrapper\">\n\t\t\t\t\t<a class=\"elementor-button elementor-button-link elementor-size-sm\" href=\"https:\/\/wa.me\/5541996971191\" solicitarcota=\"\">\n\t\t\t\t\t\t<span class=\"elementor-button-content-wrapper\">\n\t\t\t\t\t\t\t\t\t<span class=\"elementor-button-text\">Solicitar Cota\u00e7\u00e3o<\/span>\n\t\t\t\t\t<\/span>\n\t\t\t\t\t<\/a>\n\t\t\t\t<\/div>\n\t\t\t\t\t\t\t\t<\/div>\n\t\t\t\t<\/div>\n\t\t\t\t<\/div>\n\t\t\t\t<\/div>\n\t\t<div class=\"elementor-element elementor-element-9dc668c e-con-full e-flex e-con e-parent\" data-id=\"9dc668c\" data-element_type=\"container\" data-settings=\"{&quot;background_background&quot;:&quot;classic&quot;}\">\n\t\t\t\t<div class=\"elementor-element elementor-element-d7a355e elementor-widget__width-inherit elementor-widget elementor-widget-heading\" data-id=\"d7a355e\" data-element_type=\"widget\" data-widget_type=\"heading.default\">\n\t\t\t\t<div class=\"elementor-widget-container\">\n\t\t\t\t\t<h3 class=\"elementor-heading-title elementor-size-default\">Conhe\u00e7a Nossos Produtos<\/h3>\t\t\t\t<\/div>\n\t\t\t\t<\/div>\n\t\t\t\t<\/div>\n\t\t<div class=\"elementor-element elementor-element-53343fa e-con-full e-flex e-con e-parent\" data-id=\"53343fa\" data-element_type=\"container\" data-settings=\"{&quot;background_background&quot;:&quot;classic&quot;}\">\n\t\t\t\t<div class=\"elementor-element elementor-element-96eb15b elementor-widget__width-initial elementor-position-top elementor-widget elementor-widget-image-box\" data-id=\"96eb15b\" data-element_type=\"widget\" data-widget_type=\"image-box.default\">\n\t\t\t\t<div class=\"elementor-widget-container\">\n\t\t\t\t\t<div class=\"elementor-image-box-wrapper\"><figure class=\"elementor-image-box-img\"><a href=\"https:\/\/tech-inox.ind.br\/index.php\/chapa\/\" tabindex=\"-1\"><img decoding=\"async\" width=\"300\" height=\"300\" src=\"https:\/\/tech-inox.ind.br\/wp-content\/uploads\/2024\/01\/4.svg\" class=\"elementor-animation-shrink attachment-full size-full wp-image-704\" alt=\"Chapas de Inox\" \/><\/a><\/figure><div class=\"elementor-image-box-content\"><h3 class=\"elementor-image-box-title\"><a href=\"https:\/\/tech-inox.ind.br\/index.php\/chapa\/\">Chapas<\/a><\/h3><\/div><\/div>\t\t\t\t<\/div>\n\t\t\t\t<\/div>\n\t\t\t\t<div class=\"elementor-element elementor-element-274df75 elementor-widget__width-initial elementor-position-top elementor-widget elementor-widget-image-box\" data-id=\"274df75\" data-element_type=\"widget\" data-widget_type=\"image-box.default\">\n\t\t\t\t<div class=\"elementor-widget-container\">\n\t\t\t\t\t<div class=\"elementor-image-box-wrapper\"><figure class=\"elementor-image-box-img\"><a href=\"https:\/\/tech-inox.ind.br\/index.php\/cantoneiras\/\" tabindex=\"-1\"><img decoding=\"async\" width=\"300\" height=\"300\" src=\"https:\/\/tech-inox.ind.br\/wp-content\/uploads\/2024\/01\/3.svg\" class=\"elementor-animation-shrink attachment-full size-full wp-image-703\" alt=\"Cantoneiras de Inox\" \/><\/a><\/figure><div class=\"elementor-image-box-content\"><h3 class=\"elementor-image-box-title\"><a href=\"https:\/\/tech-inox.ind.br\/index.php\/cantoneiras\/\">Cantoneiras<\/a><\/h3><\/div><\/div>\t\t\t\t<\/div>\n\t\t\t\t<\/div>\n\t\t\t\t<div class=\"elementor-element elementor-element-8b5f227 elementor-widget__width-initial elementor-position-top elementor-widget elementor-widget-image-box\" data-id=\"8b5f227\" data-element_type=\"widget\" data-widget_type=\"image-box.default\">\n\t\t\t\t<div class=\"elementor-widget-container\">\n\t\t\t\t\t<div class=\"elementor-image-box-wrapper\"><figure class=\"elementor-image-box-img\"><a href=\"https:\/\/tech-inox.ind.br\/index.php\/tubos\/\" tabindex=\"-1\"><img loading=\"lazy\" decoding=\"async\" width=\"300\" height=\"300\" src=\"https:\/\/tech-inox.ind.br\/wp-content\/uploads\/2024\/01\/1.svg\" class=\"elementor-animation-shrink attachment-full size-full wp-image-701\" alt=\"Tubos de Inox\" \/><\/a><\/figure><div class=\"elementor-image-box-content\"><h3 class=\"elementor-image-box-title\"><a href=\"https:\/\/tech-inox.ind.br\/index.php\/tubos\/\">Tubos<\/a><\/h3><\/div><\/div>\t\t\t\t<\/div>\n\t\t\t\t<\/div>\n\t\t\t\t<div class=\"elementor-element elementor-element-4c59b1c elementor-widget__width-initial elementor-position-top elementor-widget elementor-widget-image-box\" data-id=\"4c59b1c\" data-element_type=\"widget\" data-widget_type=\"image-box.default\">\n\t\t\t\t<div class=\"elementor-widget-container\">\n\t\t\t\t\t<div class=\"elementor-image-box-wrapper\"><figure class=\"elementor-image-box-img\"><a href=\"https:\/\/tech-inox.ind.br\/index.php\/barras\/\" tabindex=\"-1\"><img loading=\"lazy\" decoding=\"async\" width=\"300\" height=\"300\" src=\"https:\/\/tech-inox.ind.br\/wp-content\/uploads\/2024\/01\/2.svg\" class=\"elementor-animation-shrink attachment-full size-full wp-image-702\" alt=\"Barras de Inox\" \/><\/a><\/figure><div class=\"elementor-image-box-content\"><h3 class=\"elementor-image-box-title\"><a href=\"https:\/\/tech-inox.ind.br\/index.php\/barras\/\">Barras<\/a><\/h3><\/div><\/div>\t\t\t\t<\/div>\n\t\t\t\t<\/div>\n\t\t\t\t<\/div>\n\t\t<div class=\"elementor-element elementor-element-0ebcc44 e-con-full e-flex e-con e-parent\" data-id=\"0ebcc44\" data-element_type=\"container\" data-settings=\"{&quot;background_background&quot;:&quot;classic&quot;}\">\n\t\t<div class=\"elementor-element elementor-element-e96b9f3 e-con-full e-flex e-con e-child\" data-id=\"e96b9f3\" data-element_type=\"container\" data-settings=\"{&quot;background_background&quot;:&quot;classic&quot;}\">\n\t\t<div class=\"elementor-element elementor-element-cbe370b e-con-full e-flex e-con e-child\" data-id=\"cbe370b\" data-element_type=\"container\">\n\t\t\t\t<div class=\"elementor-element elementor-element-4cf728d elementor-widget elementor-widget-text-editor\" data-id=\"4cf728d\" data-element_type=\"widget\" data-widget_type=\"text-editor.default\">\n\t\t\t\t<div class=\"elementor-widget-container\">\n\t\t\t\t\t\t\t\t\t<p><strong>Pe\u00e7a sua cota\u00e7\u00e3o Conosco!<\/strong><\/p><p> Estamos aqui para te ajudar!<\/p>\t\t\t\t\t\t\t\t<\/div>\n\t\t\t\t<\/div>\n\t\t\t\t<\/div>\n\t\t<div class=\"elementor-element elementor-element-26cd974 e-con-full e-flex e-con e-child\" data-id=\"26cd974\" data-element_type=\"container\">\n\t\t\t\t<div class=\"elementor-element elementor-element-66bec01 elementor-align-center elementor-widget elementor-widget-button\" data-id=\"66bec01\" data-element_type=\"widget\" data-widget_type=\"button.default\">\n\t\t\t\t<div class=\"elementor-widget-container\">\n\t\t\t\t\t\t\t\t\t<div class=\"elementor-button-wrapper\">\n\t\t\t\t\t<a class=\"elementor-button elementor-button-link elementor-size-sm\" href=\"https:\/\/wa.me\/5541996971191\">\n\t\t\t\t\t\t<span class=\"elementor-button-content-wrapper\">\n\t\t\t\t\t\t\t\t\t<span class=\"elementor-button-text\">Solicitar Cota\u00e7\u00e3o<\/span>\n\t\t\t\t\t<\/span>\n\t\t\t\t\t<\/a>\n\t\t\t\t<\/div>\n\t\t\t\t\t\t\t\t<\/div>\n\t\t\t\t<\/div>\n\t\t\t\t<\/div>\n\t\t\t\t<\/div>\n\t\t\t\t<\/div>\n\t\t<div class=\"elementor-element elementor-element-de6cbf3 e-con-full e-flex e-con e-parent\" data-id=\"de6cbf3\" data-element_type=\"container\">\n\t\t<div class=\"elementor-element elementor-element-ff77dc6 e-con-full e-flex e-con e-child\" data-id=\"ff77dc6\" data-element_type=\"container\" data-settings=\"{&quot;background_background&quot;:&quot;classic&quot;}\">\n\t\t<div class=\"elementor-element elementor-element-ba4d867 e-con-full e-flex e-con e-child\" data-id=\"ba4d867\" data-element_type=\"container\">\n\t\t\t\t<div class=\"elementor-element elementor-element-0a0ca12 elementor-widget elementor-widget-heading\" data-id=\"0a0ca12\" data-element_type=\"widget\" data-widget_type=\"heading.default\">\n\t\t\t\t<div class=\"elementor-widget-container\">\n\t\t\t\t\t<h2 class=\"elementor-heading-title elementor-size-default\">Segmentos<\/h2>\t\t\t\t<\/div>\n\t\t\t\t<\/div>\n\t\t\t\t<\/div>\n\t\t\t\t<div class=\"elementor-element elementor-element-1103e0e elementor-widget__width-initial elementor-position-top elementor-widget elementor-widget-image-box\" data-id=\"1103e0e\" data-element_type=\"widget\" data-widget_type=\"image-box.default\">\n\t\t\t\t<div class=\"elementor-widget-container\">\n\t\t\t\t\t<div class=\"elementor-image-box-wrapper\"><figure class=\"elementor-image-box-img\"><img loading=\"lazy\" decoding=\"async\" width=\"300\" height=\"300\" src=\"https:\/\/tech-inox.ind.br\/wp-content\/uploads\/2024\/01\/Alimenticio.svg\" class=\"elementor-animation-grow attachment-full size-full wp-image-730\" alt=\"Segmento Aliment\u00edcio\" \/><\/figure><div class=\"elementor-image-box-content\"><h4 class=\"elementor-image-box-title\">Aliment\u00edcio<\/h4><\/div><\/div>\t\t\t\t<\/div>\n\t\t\t\t<\/div>\n\t\t\t\t<div class=\"elementor-element elementor-element-3a4183a elementor-widget__width-initial elementor-position-top elementor-widget elementor-widget-image-box\" data-id=\"3a4183a\" data-element_type=\"widget\" data-widget_type=\"image-box.default\">\n\t\t\t\t<div class=\"elementor-widget-container\">\n\t\t\t\t\t<div class=\"elementor-image-box-wrapper\"><figure class=\"elementor-image-box-img\"><img loading=\"lazy\" decoding=\"async\" width=\"300\" height=\"300\" src=\"https:\/\/tech-inox.ind.br\/wp-content\/uploads\/2024\/01\/Blindagem.svg\" class=\"elementor-animation-shrink attachment-full size-full wp-image-742\" alt=\"Blindagem\" \/><\/figure><div class=\"elementor-image-box-content\"><h4 class=\"elementor-image-box-title\">Blindagem<\/h4><\/div><\/div>\t\t\t\t<\/div>\n\t\t\t\t<\/div>\n\t\t\t\t<div class=\"elementor-element elementor-element-75f112b elementor-widget__width-initial elementor-position-top elementor-widget elementor-widget-image-box\" data-id=\"75f112b\" data-element_type=\"widget\" data-widget_type=\"image-box.default\">\n\t\t\t\t<div class=\"elementor-widget-container\">\n\t\t\t\t\t<div class=\"elementor-image-box-wrapper\"><figure class=\"elementor-image-box-img\"><img loading=\"lazy\" decoding=\"async\" width=\"300\" height=\"300\" src=\"https:\/\/tech-inox.ind.br\/wp-content\/uploads\/2024\/01\/Construcao.svg\" class=\"elementor-animation-shrink attachment-full size-full wp-image-743\" alt=\"Constru\u00e7\u00e3o Civil\" \/><\/figure><div class=\"elementor-image-box-content\"><h4 class=\"elementor-image-box-title\">Constru\u00e7\u00e3o Civil<\/h4><\/div><\/div>\t\t\t\t<\/div>\n\t\t\t\t<\/div>\n\t\t\t\t<div class=\"elementor-element elementor-element-2deaccc elementor-widget__width-initial elementor-position-top elementor-widget elementor-widget-image-box\" data-id=\"2deaccc\" data-element_type=\"widget\" data-widget_type=\"image-box.default\">\n\t\t\t\t<div class=\"elementor-widget-container\">\n\t\t\t\t\t<div class=\"elementor-image-box-wrapper\"><figure class=\"elementor-image-box-img\"><img loading=\"lazy\" decoding=\"async\" width=\"300\" height=\"300\" src=\"https:\/\/tech-inox.ind.br\/wp-content\/uploads\/2024\/01\/Cozinha-1.svg\" class=\"elementor-animation-shrink attachment-full size-full wp-image-737\" alt=\"Cozinha\" \/><\/figure><div class=\"elementor-image-box-content\"><h5 class=\"elementor-image-box-title\">Cozinha Industrial<\/h5><\/div><\/div>\t\t\t\t<\/div>\n\t\t\t\t<\/div>\n\t\t\t\t<div class=\"elementor-element elementor-element-60c52a7 elementor-widget__width-initial elementor-position-top elementor-widget elementor-widget-image-box\" data-id=\"60c52a7\" data-element_type=\"widget\" data-widget_type=\"image-box.default\">\n\t\t\t\t<div class=\"elementor-widget-container\">\n\t\t\t\t\t<div class=\"elementor-image-box-wrapper\"><figure class=\"elementor-image-box-img\"><img loading=\"lazy\" decoding=\"async\" width=\"300\" height=\"300\" src=\"https:\/\/tech-inox.ind.br\/wp-content\/uploads\/2024\/01\/Cozinha.svg\" class=\"elementor-animation-shrink attachment-full size-full wp-image-735\" alt=\"Elevadores\" \/><\/figure><div class=\"elementor-image-box-content\"><h4 class=\"elementor-image-box-title\">Elevadores<\/h4><\/div><\/div>\t\t\t\t<\/div>\n\t\t\t\t<\/div>\n\t\t\t\t<div class=\"elementor-element elementor-element-a16309d elementor-widget__width-initial elementor-position-top elementor-widget elementor-widget-image-box\" data-id=\"a16309d\" data-element_type=\"widget\" data-widget_type=\"image-box.default\">\n\t\t\t\t<div class=\"elementor-widget-container\">\n\t\t\t\t\t<div class=\"elementor-image-box-wrapper\"><figure class=\"elementor-image-box-img\"><img loading=\"lazy\" decoding=\"async\" width=\"300\" height=\"300\" src=\"https:\/\/tech-inox.ind.br\/wp-content\/uploads\/2024\/01\/Farmaceutico.svg\" class=\"elementor-animation-shrink attachment-full size-full wp-image-749\" alt=\"Farmaceutico\" \/><\/figure><div class=\"elementor-image-box-content\"><h4 class=\"elementor-image-box-title\">Farmac\u00eautica<\/h4><\/div><\/div>\t\t\t\t<\/div>\n\t\t\t\t<\/div>\n\t\t\t\t<div class=\"elementor-element elementor-element-48fea71 elementor-widget__width-initial elementor-position-top elementor-widget elementor-widget-image-box\" data-id=\"48fea71\" data-element_type=\"widget\" data-widget_type=\"image-box.default\">\n\t\t\t\t<div class=\"elementor-widget-container\">\n\t\t\t\t\t<div class=\"elementor-image-box-wrapper\"><figure class=\"elementor-image-box-img\"><img loading=\"lazy\" decoding=\"async\" width=\"300\" height=\"300\" src=\"https:\/\/tech-inox.ind.br\/wp-content\/uploads\/2024\/01\/Hospital.svg\" class=\"elementor-animation-shrink attachment-full size-full wp-image-744\" alt=\"Moveis Hospitalares\" \/><\/figure><div class=\"elementor-image-box-content\"><h5 class=\"elementor-image-box-title\">M\u00f3veis Hospitalares<\/h5><\/div><\/div>\t\t\t\t<\/div>\n\t\t\t\t<\/div>\n\t\t\t\t<div class=\"elementor-element elementor-element-9dc226e elementor-widget__width-initial elementor-position-top elementor-widget elementor-widget-image-box\" data-id=\"9dc226e\" data-element_type=\"widget\" data-widget_type=\"image-box.default\">\n\t\t\t\t<div class=\"elementor-widget-container\">\n\t\t\t\t\t<div class=\"elementor-image-box-wrapper\"><figure class=\"elementor-image-box-img\"><img loading=\"lazy\" decoding=\"async\" width=\"300\" height=\"300\" src=\"https:\/\/tech-inox.ind.br\/wp-content\/uploads\/2024\/01\/Moveleiro.svg\" class=\"elementor-animation-shrink attachment-full size-full wp-image-745\" alt=\"Moveleiro\" \/><\/figure><div class=\"elementor-image-box-content\"><h4 class=\"elementor-image-box-title\">Moveleiro<\/h4><\/div><\/div>\t\t\t\t<\/div>\n\t\t\t\t<\/div>\n\t\t\t\t<div class=\"elementor-element elementor-element-240567e elementor-widget__width-initial elementor-position-top elementor-widget elementor-widget-image-box\" data-id=\"240567e\" data-element_type=\"widget\" data-widget_type=\"image-box.default\">\n\t\t\t\t<div class=\"elementor-widget-container\">\n\t\t\t\t\t<div class=\"elementor-image-box-wrapper\"><figure class=\"elementor-image-box-img\"><img loading=\"lazy\" decoding=\"async\" width=\"300\" height=\"300\" src=\"https:\/\/tech-inox.ind.br\/wp-content\/uploads\/2024\/01\/Arquitetura.svg\" class=\"elementor-animation-shrink attachment-full size-full wp-image-750\" alt=\"Arquitetura e Urbanismo\" \/><\/figure><div class=\"elementor-image-box-content\"><h5 class=\"elementor-image-box-title\">Arquitetura e Urbanismo<\/h5><\/div><\/div>\t\t\t\t<\/div>\n\t\t\t\t<\/div>\n\t\t\t\t<div class=\"elementor-element elementor-element-1036395 elementor-widget__width-initial elementor-position-top elementor-widget elementor-widget-image-box\" data-id=\"1036395\" data-element_type=\"widget\" data-widget_type=\"image-box.default\">\n\t\t\t\t<div class=\"elementor-widget-container\">\n\t\t\t\t\t<div class=\"elementor-image-box-wrapper\"><figure class=\"elementor-image-box-img\"><img loading=\"lazy\" decoding=\"async\" width=\"300\" height=\"300\" src=\"https:\/\/tech-inox.ind.br\/wp-content\/uploads\/2024\/01\/Naval.svg\" class=\"elementor-animation-shrink attachment-full size-full wp-image-746\" alt=\"\" \/><\/figure><div class=\"elementor-image-box-content\"><h5 class=\"elementor-image-box-title\">Naval<\/h5><\/div><\/div>\t\t\t\t<\/div>\n\t\t\t\t<\/div>\n\t\t\t\t<div class=\"elementor-element elementor-element-79af809 elementor-widget__width-initial elementor-position-top elementor-widget elementor-widget-image-box\" data-id=\"79af809\" data-element_type=\"widget\" data-widget_type=\"image-box.default\">\n\t\t\t\t<div class=\"elementor-widget-container\">\n\t\t\t\t\t<div class=\"elementor-image-box-wrapper\"><figure class=\"elementor-image-box-img\"><img loading=\"lazy\" decoding=\"async\" width=\"300\" height=\"300\" src=\"https:\/\/tech-inox.ind.br\/wp-content\/uploads\/2024\/01\/Papel.svg\" class=\"elementor-animation-shrink attachment-full size-full wp-image-973\" alt=\"Papel e Celulose\" \/><\/figure><div class=\"elementor-image-box-content\"><h4 class=\"elementor-image-box-title\">Papel e Celulose<\/h4><\/div><\/div>\t\t\t\t<\/div>\n\t\t\t\t<\/div>\n\t\t\t\t<div class=\"elementor-element elementor-element-e197db1 elementor-widget__width-initial elementor-position-top elementor-widget elementor-widget-image-box\" data-id=\"e197db1\" data-element_type=\"widget\" data-widget_type=\"image-box.default\">\n\t\t\t\t<div class=\"elementor-widget-container\">\n\t\t\t\t\t<div class=\"elementor-image-box-wrapper\"><figure class=\"elementor-image-box-img\"><img loading=\"lazy\" decoding=\"async\" width=\"300\" height=\"300\" src=\"https:\/\/tech-inox.ind.br\/wp-content\/uploads\/2024\/01\/Petroleo.svg\" class=\"elementor-animation-shrink attachment-full size-full wp-image-738\" alt=\"Petroleo\" \/><\/figure><div class=\"elementor-image-box-content\"><h4 class=\"elementor-image-box-title\">Petr\u00f3leo e G\u00e1s<\/h4><\/div><\/div>\t\t\t\t<\/div>\n\t\t\t\t<\/div>\n\t\t\t\t<div class=\"elementor-element elementor-element-094a552 elementor-widget__width-initial elementor-position-top elementor-widget elementor-widget-image-box\" data-id=\"094a552\" data-element_type=\"widget\" data-widget_type=\"image-box.default\">\n\t\t\t\t<div class=\"elementor-widget-container\">\n\t\t\t\t\t<div class=\"elementor-image-box-wrapper\"><figure class=\"elementor-image-box-img\"><img loading=\"lazy\" decoding=\"async\" width=\"300\" height=\"300\" src=\"https:\/\/tech-inox.ind.br\/wp-content\/uploads\/2024\/01\/Sucroalcooleiro.svg\" class=\"elementor-animation-shrink attachment-full size-full wp-image-748\" alt=\"Sucroalcooleiro\" \/><\/figure><div class=\"elementor-image-box-content\"><h4 class=\"elementor-image-box-title\">Sucroalcooleiro<\/h4><\/div><\/div>\t\t\t\t<\/div>\n\t\t\t\t<\/div>\n\t\t\t\t<\/div>\n\t\t\t\t<\/div>\n\t\t\t\t<\/div>\n\t\t","protected":false},"excerpt":{"rendered":"<p>Bobinas Na Tech-Inox voc\u00ea encontra uma ampla linha de chapas de a\u00e7o inox: lisas ou com PVC, polidas, escovadas, perfuradas, xadrez e recalcadas. Al\u00e9m da chapa em a\u00e7o inox 304, voc\u00ea encontra chapas nas ligas&nbsp; 304L, 316, 316L e 430. Solicitar Cota\u00e7\u00e3o Conhe\u00e7a Nossos Produtos Chapas Cantoneiras Tubos Barras Pe\u00e7a sua cota\u00e7\u00e3o Conosco! Estamos aqui [&hellip;]<\/p>\n","protected":false},"author":1,"featured_media":0,"parent":0,"menu_order":0,"comment_status":"closed","ping_status":"closed","template":"page-templates\/fullwidth-content.php","meta":{"om_disable_all_campaigns":false,"_monsterinsights_skip_tracking":false,"_monsterinsights_sitenote_active":false,"_monsterinsights_sitenote_note":"","_monsterinsights_sitenote_category":0,"footnotes":""},"class_list":["post-774","page","type-page","status-publish","hentry"],"aioseo_notices":[],"_links":{"self":[{"href":"https:\/\/tech-inox.ind.br\/index.php\/wp-json\/wp\/v2\/pages\/774","targetHints":{"allow":["GET"]}}],"collection":[{"href":"https:\/\/tech-inox.ind.br\/index.php\/wp-json\/wp\/v2\/pages"}],"about":[{"href":"https:\/\/tech-inox.ind.br\/index.php\/wp-json\/wp\/v2\/types\/page"}],"author":[{"embeddable":true,"href":"https:\/\/tech-inox.ind.br\/index.php\/wp-json\/wp\/v2\/users\/1"}],"replies":[{"embeddable":true,"href":"https:\/\/tech-inox.ind.br\/index.php\/wp-json\/wp\/v2\/comments?post=774"}],"version-history":[{"count":28,"href":"https:\/\/tech-inox.ind.br\/index.php\/wp-json\/wp\/v2\/pages\/774\/revisions"}],"predecessor-version":[{"id":1151,"href":"https:\/\/tech-inox.ind.br\/index.php\/wp-json\/wp\/v2\/pages\/774\/revisions\/1151"}],"wp:attachment":[{"href":"https:\/\/tech-inox.ind.br\/index.php\/wp-json\/wp\/v2\/media?parent=774"}],"curies":[{"name":"wp","href":"https:\/\/api.w.org\/{rel}","templated":true}]}}