{"id":246,"date":"2023-12-20T13:33:54","date_gmt":"2023-12-20T16:33:54","guid":{"rendered":"http:\/\/tech-inox.ind.br\/?page_id=246"},"modified":"2024-12-06T15:24:22","modified_gmt":"2024-12-06T18:24:22","slug":"cantoneiras","status":"publish","type":"page","link":"https:\/\/tech-inox.ind.br\/index.php\/cantoneiras\/","title":{"rendered":"Cantoneiras"},"content":{"rendered":"\t\t<div data-elementor-type=\"wp-page\" data-elementor-id=\"246\" class=\"elementor elementor-246\" data-elementor-post-type=\"page\">\n\t\t\t\t<div class=\"elementor-element elementor-element-fac2788 e-con-full e-flex e-con e-parent\" data-id=\"fac2788\" data-element_type=\"container\" data-settings=\"{&quot;background_background&quot;:&quot;classic&quot;}\">\n\t\t<div class=\"elementor-element elementor-element-6c7f587 e-con-full e-flex e-con e-child\" data-id=\"6c7f587\" data-element_type=\"container\">\n\t\t\t\t<div class=\"elementor-element elementor-element-9688ca0 elementor-widget elementor-widget-image\" data-id=\"9688ca0\" data-element_type=\"widget\" data-widget_type=\"image.default\">\n\t\t\t\t<div class=\"elementor-widget-container\">\n\t\t\t\t\t\t\t\t\t\t\t\t\t\t\t<img fetchpriority=\"high\" decoding=\"async\" width=\"300\" height=\"300\" src=\"https:\/\/tech-inox.ind.br\/wp-content\/uploads\/2024\/01\/3.svg\" class=\"attachment-medium size-medium wp-image-703\" alt=\"Cantoneiras de Inox\" \/>\t\t\t\t\t\t\t\t\t\t\t\t\t\t\t<\/div>\n\t\t\t\t<\/div>\n\t\t\t\t<\/div>\n\t\t<div class=\"elementor-element elementor-element-81df10f e-con-full e-flex e-con e-child\" data-id=\"81df10f\" data-element_type=\"container\">\n\t\t\t\t<div class=\"elementor-element elementor-element-761d3b2 elementor-widget elementor-widget-heading\" data-id=\"761d3b2\" data-element_type=\"widget\" data-widget_type=\"heading.default\">\n\t\t\t\t<div class=\"elementor-widget-container\">\n\t\t\t\t\t<h2 class=\"elementor-heading-title elementor-size-default\">Cantoneiras<\/h2>\t\t\t\t<\/div>\n\t\t\t\t<\/div>\n\t\t\t\t<div class=\"elementor-element elementor-element-222fb26 elementor-widget elementor-widget-text-editor\" data-id=\"222fb26\" data-element_type=\"widget\" data-widget_type=\"text-editor.default\">\n\t\t\t\t<div class=\"elementor-widget-container\">\n\t\t\t\t\t\t\t\t\t<p>As cantoneiras em a\u00e7o inox s\u00e3o muito utilizadas nos setores moveleiro, transporte, constru\u00e7\u00e3o civil, entre outros.<\/p>\t\t\t\t\t\t\t\t<\/div>\n\t\t\t\t<\/div>\n\t\t\t\t<div class=\"elementor-element elementor-element-d9a602f elementor-align-center elementor-widget elementor-widget-button\" data-id=\"d9a602f\" data-element_type=\"widget\" data-widget_type=\"button.default\">\n\t\t\t\t<div class=\"elementor-widget-container\">\n\t\t\t\t\t\t\t\t\t<div class=\"elementor-button-wrapper\">\n\t\t\t\t\t<a class=\"elementor-button elementor-button-link elementor-size-sm\" href=\"https:\/\/wa.me\/5541996971191\" solicitarcota=\"\">\n\t\t\t\t\t\t<span class=\"elementor-button-content-wrapper\">\n\t\t\t\t\t\t\t\t\t<span class=\"elementor-button-text\">Solicitar Cota\u00e7\u00e3o<\/span>\n\t\t\t\t\t<\/span>\n\t\t\t\t\t<\/a>\n\t\t\t\t<\/div>\n\t\t\t\t\t\t\t\t<\/div>\n\t\t\t\t<\/div>\n\t\t\t\t<\/div>\n\t\t\t\t<\/div>\n\t\t<div class=\"elementor-element elementor-element-6554ba0 e-con-full e-flex e-con e-parent\" data-id=\"6554ba0\" data-element_type=\"container\" data-settings=\"{&quot;background_background&quot;:&quot;classic&quot;}\">\n\t\t\t\t<div class=\"elementor-element elementor-element-b421ead elementor-widget__width-inherit elementor-widget elementor-widget-heading\" data-id=\"b421ead\" data-element_type=\"widget\" data-widget_type=\"heading.default\">\n\t\t\t\t<div class=\"elementor-widget-container\">\n\t\t\t\t\t<h3 class=\"elementor-heading-title elementor-size-default\">Conhe\u00e7a Nossos Produtos<\/h3>\t\t\t\t<\/div>\n\t\t\t\t<\/div>\n\t\t\t\t<\/div>\n\t\t<div class=\"elementor-element elementor-element-7d9b066 e-con-full e-flex e-con e-parent\" data-id=\"7d9b066\" data-element_type=\"container\" data-settings=\"{&quot;background_background&quot;:&quot;classic&quot;}\">\n\t\t\t\t<div class=\"elementor-element elementor-element-41b4418 elementor-widget__width-initial elementor-position-top elementor-widget elementor-widget-image-box\" data-id=\"41b4418\" data-element_type=\"widget\" data-widget_type=\"image-box.default\">\n\t\t\t\t<div class=\"elementor-widget-container\">\n\t\t\t\t\t<div class=\"elementor-image-box-wrapper\"><figure class=\"elementor-image-box-img\"><a href=\"https:\/\/tech-inox.ind.br\/index.php\/bobinas\/\" tabindex=\"-1\"><img decoding=\"async\" width=\"300\" height=\"300\" src=\"https:\/\/tech-inox.ind.br\/wp-content\/uploads\/2024\/01\/5.svg\" class=\"elementor-animation-shrink attachment-full size-full wp-image-705\" alt=\"Bobinas de Inox\" \/><\/a><\/figure><div class=\"elementor-image-box-content\"><h3 class=\"elementor-image-box-title\"><a href=\"https:\/\/tech-inox.ind.br\/index.php\/bobinas\/\">Bobinas<\/a><\/h3><\/div><\/div>\t\t\t\t<\/div>\n\t\t\t\t<\/div>\n\t\t\t\t<div class=\"elementor-element elementor-element-999b254 elementor-widget__width-initial elementor-position-top elementor-widget elementor-widget-image-box\" data-id=\"999b254\" data-element_type=\"widget\" data-widget_type=\"image-box.default\">\n\t\t\t\t<div class=\"elementor-widget-container\">\n\t\t\t\t\t<div class=\"elementor-image-box-wrapper\"><figure class=\"elementor-image-box-img\"><a href=\"https:\/\/tech-inox.ind.br\/index.php\/chapa\/\" tabindex=\"-1\"><img decoding=\"async\" width=\"300\" height=\"300\" src=\"https:\/\/tech-inox.ind.br\/wp-content\/uploads\/2024\/01\/4.svg\" class=\"elementor-animation-shrink attachment-full size-full wp-image-704\" alt=\"Chapas de Inox\" \/><\/a><\/figure><div class=\"elementor-image-box-content\"><h3 class=\"elementor-image-box-title\"><a href=\"https:\/\/tech-inox.ind.br\/index.php\/chapa\/\">Chapas<\/a><\/h3><\/div><\/div>\t\t\t\t<\/div>\n\t\t\t\t<\/div>\n\t\t\t\t<div class=\"elementor-element elementor-element-bf4a3ad elementor-widget__width-initial elementor-position-top elementor-widget elementor-widget-image-box\" data-id=\"bf4a3ad\" data-element_type=\"widget\" data-widget_type=\"image-box.default\">\n\t\t\t\t<div class=\"elementor-widget-container\">\n\t\t\t\t\t<div class=\"elementor-image-box-wrapper\"><figure class=\"elementor-image-box-img\"><a href=\"https:\/\/tech-inox.ind.br\/index.php\/tubos\/\" tabindex=\"-1\"><img loading=\"lazy\" decoding=\"async\" width=\"300\" height=\"300\" src=\"https:\/\/tech-inox.ind.br\/wp-content\/uploads\/2024\/01\/1.svg\" class=\"elementor-animation-shrink attachment-full size-full wp-image-701\" alt=\"Tubos de Inox\" \/><\/a><\/figure><div class=\"elementor-image-box-content\"><h3 class=\"elementor-image-box-title\"><a href=\"https:\/\/tech-inox.ind.br\/index.php\/tubos\/\">Tubos<\/a><\/h3><\/div><\/div>\t\t\t\t<\/div>\n\t\t\t\t<\/div>\n\t\t\t\t<div class=\"elementor-element elementor-element-dbf68a5 elementor-widget__width-initial elementor-position-top elementor-widget elementor-widget-image-box\" data-id=\"dbf68a5\" data-element_type=\"widget\" data-widget_type=\"image-box.default\">\n\t\t\t\t<div class=\"elementor-widget-container\">\n\t\t\t\t\t<div class=\"elementor-image-box-wrapper\"><figure class=\"elementor-image-box-img\"><a href=\"https:\/\/tech-inox.ind.br\/index.php\/barras\/\" tabindex=\"-1\"><img loading=\"lazy\" decoding=\"async\" width=\"300\" height=\"300\" src=\"https:\/\/tech-inox.ind.br\/wp-content\/uploads\/2024\/01\/2.svg\" class=\"elementor-animation-shrink attachment-full size-full wp-image-702\" alt=\"Barras de Inox\" \/><\/a><\/figure><div class=\"elementor-image-box-content\"><h3 class=\"elementor-image-box-title\"><a href=\"https:\/\/tech-inox.ind.br\/index.php\/barras\/\">Barras<\/a><\/h3><\/div><\/div>\t\t\t\t<\/div>\n\t\t\t\t<\/div>\n\t\t\t\t<\/div>\n\t\t<div class=\"elementor-element elementor-element-79a205c e-con-full e-flex e-con e-parent\" data-id=\"79a205c\" data-element_type=\"container\" data-settings=\"{&quot;background_background&quot;:&quot;classic&quot;}\">\n\t\t<div class=\"elementor-element elementor-element-1c90624 e-con-full e-flex e-con e-child\" data-id=\"1c90624\" data-element_type=\"container\">\n\t\t\t\t<div class=\"elementor-element elementor-element-c50bcf4 elementor-widget elementor-widget-text-editor\" data-id=\"c50bcf4\" data-element_type=\"widget\" data-widget_type=\"text-editor.default\">\n\t\t\t\t<div class=\"elementor-widget-container\">\n\t\t\t\t\t\t\t\t\t<p><strong>Pe\u00e7a sua cota\u00e7\u00e3o Conosco!<\/strong>&nbsp;<\/p><p>Estamos aqui para te ajudar!<\/p>\t\t\t\t\t\t\t\t<\/div>\n\t\t\t\t<\/div>\n\t\t\t\t<\/div>\n\t\t<div class=\"elementor-element elementor-element-258dfff e-con-full e-flex e-con e-child\" data-id=\"258dfff\" data-element_type=\"container\">\n\t\t\t\t<div class=\"elementor-element elementor-element-0c83e7d elementor-align-center elementor-widget elementor-widget-button\" data-id=\"0c83e7d\" data-element_type=\"widget\" data-widget_type=\"button.default\">\n\t\t\t\t<div class=\"elementor-widget-container\">\n\t\t\t\t\t\t\t\t\t<div class=\"elementor-button-wrapper\">\n\t\t\t\t\t<a class=\"elementor-button elementor-button-link elementor-size-sm\" href=\"https:\/\/wa.me\/5541996971191\">\n\t\t\t\t\t\t<span class=\"elementor-button-content-wrapper\">\n\t\t\t\t\t\t\t\t\t<span class=\"elementor-button-text\">Solicitar Cota\u00e7\u00e3o<\/span>\n\t\t\t\t\t<\/span>\n\t\t\t\t\t<\/a>\n\t\t\t\t<\/div>\n\t\t\t\t\t\t\t\t<\/div>\n\t\t\t\t<\/div>\n\t\t\t\t<\/div>\n\t\t\t\t<\/div>\n\t\t<div class=\"elementor-element elementor-element-d62bd39 e-con-full e-flex e-con e-parent\" data-id=\"d62bd39\" data-element_type=\"container\">\n\t\t\t\t<div class=\"elementor-element elementor-element-157d1fa elementor-widget elementor-widget-heading\" data-id=\"157d1fa\" data-element_type=\"widget\" data-widget_type=\"heading.default\">\n\t\t\t\t<div class=\"elementor-widget-container\">\n\t\t\t\t\t<h2 class=\"elementor-heading-title elementor-size-default\">Segmentos<\/h2>\t\t\t\t<\/div>\n\t\t\t\t<\/div>\n\t\t\t\t<\/div>\n\t\t<div class=\"elementor-element elementor-element-15c3c38 e-con-full e-flex e-con e-parent\" data-id=\"15c3c38\" data-element_type=\"container\" data-settings=\"{&quot;background_background&quot;:&quot;classic&quot;}\">\n\t\t\t\t<div class=\"elementor-element elementor-element-b3dee6c elementor-widget__width-initial elementor-position-top elementor-widget elementor-widget-image-box\" data-id=\"b3dee6c\" data-element_type=\"widget\" data-widget_type=\"image-box.default\">\n\t\t\t\t<div class=\"elementor-widget-container\">\n\t\t\t\t\t<div class=\"elementor-image-box-wrapper\"><figure class=\"elementor-image-box-img\"><img loading=\"lazy\" decoding=\"async\" width=\"300\" height=\"300\" src=\"https:\/\/tech-inox.ind.br\/wp-content\/uploads\/2024\/01\/Alimenticio.svg\" class=\"elementor-animation-grow attachment-full size-full wp-image-730\" alt=\"Segmento Aliment\u00edcio\" \/><\/figure><div class=\"elementor-image-box-content\"><h4 class=\"elementor-image-box-title\">Aliment\u00edcio<\/h4><\/div><\/div>\t\t\t\t<\/div>\n\t\t\t\t<\/div>\n\t\t\t\t<div class=\"elementor-element elementor-element-98a2087 elementor-widget__width-initial elementor-position-top elementor-widget elementor-widget-image-box\" data-id=\"98a2087\" data-element_type=\"widget\" data-widget_type=\"image-box.default\">\n\t\t\t\t<div class=\"elementor-widget-container\">\n\t\t\t\t\t<div class=\"elementor-image-box-wrapper\"><figure class=\"elementor-image-box-img\"><img loading=\"lazy\" decoding=\"async\" width=\"300\" height=\"300\" src=\"https:\/\/tech-inox.ind.br\/wp-content\/uploads\/2024\/01\/Blindagem.svg\" class=\"elementor-animation-shrink attachment-full size-full wp-image-742\" alt=\"Blindagem\" \/><\/figure><div class=\"elementor-image-box-content\"><h4 class=\"elementor-image-box-title\">Blindagem<\/h4><\/div><\/div>\t\t\t\t<\/div>\n\t\t\t\t<\/div>\n\t\t\t\t<div class=\"elementor-element elementor-element-c4903dd elementor-widget__width-initial elementor-position-top elementor-widget elementor-widget-image-box\" data-id=\"c4903dd\" data-element_type=\"widget\" data-widget_type=\"image-box.default\">\n\t\t\t\t<div class=\"elementor-widget-container\">\n\t\t\t\t\t<div class=\"elementor-image-box-wrapper\"><figure class=\"elementor-image-box-img\"><img loading=\"lazy\" decoding=\"async\" width=\"300\" height=\"300\" src=\"https:\/\/tech-inox.ind.br\/wp-content\/uploads\/2024\/01\/Construcao.svg\" class=\"elementor-animation-shrink attachment-full size-full wp-image-743\" alt=\"Constru\u00e7\u00e3o Civil\" \/><\/figure><div class=\"elementor-image-box-content\"><h4 class=\"elementor-image-box-title\">Constru\u00e7\u00e3o Civil<\/h4><\/div><\/div>\t\t\t\t<\/div>\n\t\t\t\t<\/div>\n\t\t\t\t<div class=\"elementor-element elementor-element-6340867 elementor-widget__width-initial elementor-position-top elementor-widget elementor-widget-image-box\" data-id=\"6340867\" data-element_type=\"widget\" data-widget_type=\"image-box.default\">\n\t\t\t\t<div class=\"elementor-widget-container\">\n\t\t\t\t\t<div class=\"elementor-image-box-wrapper\"><figure class=\"elementor-image-box-img\"><img loading=\"lazy\" decoding=\"async\" width=\"300\" height=\"300\" src=\"https:\/\/tech-inox.ind.br\/wp-content\/uploads\/2024\/01\/Cozinha-1.svg\" class=\"elementor-animation-shrink attachment-full size-full wp-image-737\" alt=\"Cozinha\" \/><\/figure><div class=\"elementor-image-box-content\"><h5 class=\"elementor-image-box-title\">Cozinha Industrial<\/h5><\/div><\/div>\t\t\t\t<\/div>\n\t\t\t\t<\/div>\n\t\t\t\t<div class=\"elementor-element elementor-element-5ef537f elementor-widget__width-initial elementor-position-top elementor-widget elementor-widget-image-box\" data-id=\"5ef537f\" data-element_type=\"widget\" data-widget_type=\"image-box.default\">\n\t\t\t\t<div class=\"elementor-widget-container\">\n\t\t\t\t\t<div class=\"elementor-image-box-wrapper\"><figure class=\"elementor-image-box-img\"><img loading=\"lazy\" decoding=\"async\" width=\"300\" height=\"300\" src=\"https:\/\/tech-inox.ind.br\/wp-content\/uploads\/2024\/01\/Cozinha.svg\" class=\"elementor-animation-shrink attachment-full size-full wp-image-735\" alt=\"Elevadores\" \/><\/figure><div class=\"elementor-image-box-content\"><h4 class=\"elementor-image-box-title\">Elevadores<\/h4><\/div><\/div>\t\t\t\t<\/div>\n\t\t\t\t<\/div>\n\t\t\t\t<div class=\"elementor-element elementor-element-f1225b9 elementor-widget__width-initial elementor-position-top elementor-widget elementor-widget-image-box\" data-id=\"f1225b9\" data-element_type=\"widget\" data-widget_type=\"image-box.default\">\n\t\t\t\t<div class=\"elementor-widget-container\">\n\t\t\t\t\t<div class=\"elementor-image-box-wrapper\"><figure class=\"elementor-image-box-img\"><img loading=\"lazy\" decoding=\"async\" width=\"300\" height=\"300\" src=\"https:\/\/tech-inox.ind.br\/wp-content\/uploads\/2024\/01\/Farmaceutico.svg\" class=\"elementor-animation-shrink attachment-full size-full wp-image-749\" alt=\"Farmaceutico\" \/><\/figure><div class=\"elementor-image-box-content\"><h4 class=\"elementor-image-box-title\">Farmac\u00eautica<\/h4><\/div><\/div>\t\t\t\t<\/div>\n\t\t\t\t<\/div>\n\t\t\t\t<div class=\"elementor-element elementor-element-e3a2f49 elementor-widget__width-initial elementor-position-top elementor-widget elementor-widget-image-box\" data-id=\"e3a2f49\" data-element_type=\"widget\" data-widget_type=\"image-box.default\">\n\t\t\t\t<div class=\"elementor-widget-container\">\n\t\t\t\t\t<div class=\"elementor-image-box-wrapper\"><figure class=\"elementor-image-box-img\"><img loading=\"lazy\" decoding=\"async\" width=\"300\" height=\"300\" src=\"https:\/\/tech-inox.ind.br\/wp-content\/uploads\/2024\/01\/Hospital.svg\" class=\"elementor-animation-shrink attachment-full size-full wp-image-744\" alt=\"Moveis Hospitalares\" \/><\/figure><div class=\"elementor-image-box-content\"><h5 class=\"elementor-image-box-title\">M\u00f3veis Hospitalares<\/h5><\/div><\/div>\t\t\t\t<\/div>\n\t\t\t\t<\/div>\n\t\t\t\t<div class=\"elementor-element elementor-element-b6179d4 elementor-widget__width-initial elementor-position-top elementor-widget elementor-widget-image-box\" data-id=\"b6179d4\" data-element_type=\"widget\" data-widget_type=\"image-box.default\">\n\t\t\t\t<div class=\"elementor-widget-container\">\n\t\t\t\t\t<div class=\"elementor-image-box-wrapper\"><figure class=\"elementor-image-box-img\"><img loading=\"lazy\" decoding=\"async\" width=\"300\" height=\"300\" src=\"https:\/\/tech-inox.ind.br\/wp-content\/uploads\/2024\/01\/Moveleiro.svg\" class=\"elementor-animation-shrink attachment-full size-full wp-image-745\" alt=\"Moveleiro\" \/><\/figure><div class=\"elementor-image-box-content\"><h4 class=\"elementor-image-box-title\">Moveleiro<\/h4><\/div><\/div>\t\t\t\t<\/div>\n\t\t\t\t<\/div>\n\t\t\t\t<div class=\"elementor-element elementor-element-c4614d2 elementor-widget__width-initial elementor-position-top elementor-widget elementor-widget-image-box\" data-id=\"c4614d2\" data-element_type=\"widget\" data-widget_type=\"image-box.default\">\n\t\t\t\t<div class=\"elementor-widget-container\">\n\t\t\t\t\t<div class=\"elementor-image-box-wrapper\"><figure class=\"elementor-image-box-img\"><img loading=\"lazy\" decoding=\"async\" width=\"300\" height=\"300\" src=\"https:\/\/tech-inox.ind.br\/wp-content\/uploads\/2024\/01\/Arquitetura.svg\" class=\"elementor-animation-shrink attachment-full size-full wp-image-750\" alt=\"Arquitetura e Urbanismo\" \/><\/figure><div class=\"elementor-image-box-content\"><h5 class=\"elementor-image-box-title\">Arquitetura e Urbanismo<\/h5><\/div><\/div>\t\t\t\t<\/div>\n\t\t\t\t<\/div>\n\t\t\t\t<div class=\"elementor-element elementor-element-3d5b118 elementor-widget__width-initial elementor-position-top elementor-widget elementor-widget-image-box\" data-id=\"3d5b118\" data-element_type=\"widget\" data-widget_type=\"image-box.default\">\n\t\t\t\t<div class=\"elementor-widget-container\">\n\t\t\t\t\t<div class=\"elementor-image-box-wrapper\"><figure class=\"elementor-image-box-img\"><img loading=\"lazy\" decoding=\"async\" width=\"300\" height=\"300\" src=\"https:\/\/tech-inox.ind.br\/wp-content\/uploads\/2024\/01\/Naval.svg\" class=\"elementor-animation-shrink attachment-full size-full wp-image-746\" alt=\"\" \/><\/figure><div class=\"elementor-image-box-content\"><h5 class=\"elementor-image-box-title\">Naval<\/h5><\/div><\/div>\t\t\t\t<\/div>\n\t\t\t\t<\/div>\n\t\t\t\t<div class=\"elementor-element elementor-element-d1ade32 elementor-widget__width-initial elementor-position-top elementor-widget elementor-widget-image-box\" data-id=\"d1ade32\" data-element_type=\"widget\" data-widget_type=\"image-box.default\">\n\t\t\t\t<div class=\"elementor-widget-container\">\n\t\t\t\t\t<div class=\"elementor-image-box-wrapper\"><figure class=\"elementor-image-box-img\"><img loading=\"lazy\" decoding=\"async\" width=\"300\" height=\"300\" src=\"https:\/\/tech-inox.ind.br\/wp-content\/uploads\/2024\/01\/Papel.svg\" class=\"elementor-animation-shrink attachment-full size-full wp-image-973\" alt=\"Papel e Celulose\" \/><\/figure><div class=\"elementor-image-box-content\"><h4 class=\"elementor-image-box-title\">Papel e Celulose<\/h4><\/div><\/div>\t\t\t\t<\/div>\n\t\t\t\t<\/div>\n\t\t\t\t<div class=\"elementor-element elementor-element-03c11fd elementor-widget__width-initial elementor-position-top elementor-widget elementor-widget-image-box\" data-id=\"03c11fd\" data-element_type=\"widget\" data-widget_type=\"image-box.default\">\n\t\t\t\t<div class=\"elementor-widget-container\">\n\t\t\t\t\t<div class=\"elementor-image-box-wrapper\"><figure class=\"elementor-image-box-img\"><img loading=\"lazy\" decoding=\"async\" width=\"300\" height=\"300\" src=\"https:\/\/tech-inox.ind.br\/wp-content\/uploads\/2024\/01\/Petroleo.svg\" class=\"elementor-animation-shrink attachment-full size-full wp-image-738\" alt=\"Petroleo\" \/><\/figure><div class=\"elementor-image-box-content\"><h4 class=\"elementor-image-box-title\">Petr\u00f3leo e G\u00e1s<\/h4><\/div><\/div>\t\t\t\t<\/div>\n\t\t\t\t<\/div>\n\t\t\t\t<div class=\"elementor-element elementor-element-d3d0460 elementor-widget__width-initial elementor-position-top elementor-widget elementor-widget-image-box\" data-id=\"d3d0460\" data-element_type=\"widget\" data-widget_type=\"image-box.default\">\n\t\t\t\t<div class=\"elementor-widget-container\">\n\t\t\t\t\t<div class=\"elementor-image-box-wrapper\"><figure class=\"elementor-image-box-img\"><img loading=\"lazy\" decoding=\"async\" width=\"300\" height=\"300\" src=\"https:\/\/tech-inox.ind.br\/wp-content\/uploads\/2024\/01\/Sucroalcooleiro.svg\" class=\"elementor-animation-shrink attachment-full size-full wp-image-748\" alt=\"Sucroalcooleiro\" \/><\/figure><div class=\"elementor-image-box-content\"><h4 class=\"elementor-image-box-title\">Sucroalcooleiro<\/h4><\/div><\/div>\t\t\t\t<\/div>\n\t\t\t\t<\/div>\n\t\t\t\t<\/div>\n\t\t\t\t<\/div>\n\t\t","protected":false},"excerpt":{"rendered":"<p>Cantoneiras As cantoneiras em a\u00e7o inox s\u00e3o muito utilizadas nos setores moveleiro, transporte, constru\u00e7\u00e3o civil, entre outros. Solicitar Cota\u00e7\u00e3o Conhe\u00e7a Nossos Produtos Bobinas Chapas Tubos Barras Pe\u00e7a sua cota\u00e7\u00e3o Conosco!&nbsp; Estamos aqui para te ajudar! Solicitar Cota\u00e7\u00e3o Segmentos Aliment\u00edcio Blindagem Constru\u00e7\u00e3o Civil Cozinha Industrial Elevadores Farmac\u00eautica M\u00f3veis Hospitalares Moveleiro Arquitetura e Urbanismo Naval Papel e [&hellip;]<\/p>\n","protected":false},"author":1,"featured_media":0,"parent":0,"menu_order":0,"comment_status":"closed","ping_status":"closed","template":"page-templates\/fullwidth-content.php","meta":{"om_disable_all_campaigns":false,"_monsterinsights_skip_tracking":false,"_monsterinsights_sitenote_active":false,"_monsterinsights_sitenote_note":"","_monsterinsights_sitenote_category":0,"footnotes":""},"class_list":["post-246","page","type-page","status-publish","hentry"],"aioseo_notices":[],"_links":{"self":[{"href":"https:\/\/tech-inox.ind.br\/index.php\/wp-json\/wp\/v2\/pages\/246","targetHints":{"allow":["GET"]}}],"collection":[{"href":"https:\/\/tech-inox.ind.br\/index.php\/wp-json\/wp\/v2\/pages"}],"about":[{"href":"https:\/\/tech-inox.ind.br\/index.php\/wp-json\/wp\/v2\/types\/page"}],"author":[{"embeddable":true,"href":"https:\/\/tech-inox.ind.br\/index.php\/wp-json\/wp\/v2\/users\/1"}],"replies":[{"embeddable":true,"href":"https:\/\/tech-inox.ind.br\/index.php\/wp-json\/wp\/v2\/comments?post=246"}],"version-history":[{"count":31,"href":"https:\/\/tech-inox.ind.br\/index.php\/wp-json\/wp\/v2\/pages\/246\/revisions"}],"predecessor-version":[{"id":1163,"href":"https:\/\/tech-inox.ind.br\/index.php\/wp-json\/wp\/v2\/pages\/246\/revisions\/1163"}],"wp:attachment":[{"href":"https:\/\/tech-inox.ind.br\/index.php\/wp-json\/wp\/v2\/media?parent=246"}],"curies":[{"name":"wp","href":"https:\/\/api.w.org\/{rel}","templated":true}]}}