{"id":239,"date":"2023-12-20T13:33:25","date_gmt":"2023-12-20T16:33:25","guid":{"rendered":"http:\/\/tech-inox.ind.br\/?page_id=239"},"modified":"2024-12-06T15:25:32","modified_gmt":"2024-12-06T18:25:32","slug":"tubos","status":"publish","type":"page","link":"https:\/\/tech-inox.ind.br\/index.php\/tubos\/","title":{"rendered":"Tubos"},"content":{"rendered":"\t\t<div data-elementor-type=\"wp-page\" data-elementor-id=\"239\" class=\"elementor elementor-239\" data-elementor-post-type=\"page\">\n\t\t\t\t<div class=\"elementor-element elementor-element-bdd6470 e-con-full e-flex e-con e-parent\" data-id=\"bdd6470\" data-element_type=\"container\" data-settings=\"{&quot;background_background&quot;:&quot;classic&quot;}\">\n\t\t<div class=\"elementor-element elementor-element-4743548 e-con-full e-flex e-con e-child\" data-id=\"4743548\" data-element_type=\"container\">\n\t\t\t\t<div class=\"elementor-element elementor-element-cff4366 elementor-widget elementor-widget-image\" data-id=\"cff4366\" data-element_type=\"widget\" data-widget_type=\"image.default\">\n\t\t\t\t<div class=\"elementor-widget-container\">\n\t\t\t\t\t\t\t\t\t\t\t\t\t\t\t<img fetchpriority=\"high\" decoding=\"async\" width=\"300\" height=\"300\" src=\"https:\/\/tech-inox.ind.br\/wp-content\/uploads\/2024\/01\/1.svg\" class=\"attachment-large size-large wp-image-701\" alt=\"Tubos de Inox\" \/>\t\t\t\t\t\t\t\t\t\t\t\t\t\t\t<\/div>\n\t\t\t\t<\/div>\n\t\t\t\t<\/div>\n\t\t<div class=\"elementor-element elementor-element-79d54be e-con-full e-flex e-con e-child\" data-id=\"79d54be\" data-element_type=\"container\">\n\t\t<div class=\"elementor-element elementor-element-e6cae02 e-con-full e-flex e-con e-child\" data-id=\"e6cae02\" data-element_type=\"container\" data-settings=\"{&quot;background_background&quot;:&quot;classic&quot;}\">\n\t\t\t\t<div class=\"elementor-element elementor-element-95fad13 elementor-widget elementor-widget-heading\" data-id=\"95fad13\" data-element_type=\"widget\" data-widget_type=\"heading.default\">\n\t\t\t\t<div class=\"elementor-widget-container\">\n\t\t\t\t\t<h2 class=\"elementor-heading-title elementor-size-default\">Tubos<\/h2>\t\t\t\t<\/div>\n\t\t\t\t<\/div>\n\t\t\t\t<div class=\"elementor-element elementor-element-7de29b9 elementor-widget elementor-widget-text-editor\" data-id=\"7de29b9\" data-element_type=\"widget\" data-widget_type=\"text-editor.default\">\n\t\t\t\t<div class=\"elementor-widget-container\">\n\t\t\t\t\t\t\t\t\t<p>Nosso amplo estoque conta com materiais como: <strong>Tubos OD \/ Tubings, Tubos Quadrados e Retangulares.<\/strong><\/p><p>Tudo em a\u00e7o inox. <strong>Polido ou escovado.<\/strong><\/p><p>Para aplica\u00e7\u00f5es que exijam maior efici\u00eancia mec\u00e2nica, o Grupo Tech oferece a linha de Tubos Schedules, ou chamados tubos industriais em inox, sendo muito utilizado em projetos que necessitam de condu\u00e7\u00e3o de fluidos l\u00edquidos ou gasosos.<\/p><p>Estes tubos de a\u00e7o inoxid\u00e1vel possuem resist\u00eancia a corros\u00e3o, ent\u00e3o trazem mais seguran\u00e7a nos projetos.<\/p>\t\t\t\t\t\t\t\t<\/div>\n\t\t\t\t<\/div>\n\t\t\t\t<div class=\"elementor-element elementor-element-a31b20a elementor-widget__width-initial elementor-position-top elementor-widget elementor-widget-image-box\" data-id=\"a31b20a\" data-element_type=\"widget\" data-widget_type=\"image-box.default\">\n\t\t\t\t<div class=\"elementor-widget-container\">\n\t\t\t\t\t<div class=\"elementor-image-box-wrapper\"><figure class=\"elementor-image-box-img\"><img decoding=\"async\" width=\"300\" height=\"300\" src=\"https:\/\/tech-inox.ind.br\/wp-content\/uploads\/2024\/01\/Tubo-Quadrado.svg\" class=\"elementor-animation-shrink attachment-full size-full wp-image-756\" alt=\"Tubo-Quadrado\" \/><\/figure><div class=\"elementor-image-box-content\"><h3 class=\"elementor-image-box-title\">Quadrado<\/h3><\/div><\/div>\t\t\t\t<\/div>\n\t\t\t\t<\/div>\n\t\t\t\t<div class=\"elementor-element elementor-element-127d8ed elementor-widget__width-initial elementor-position-top elementor-widget elementor-widget-image-box\" data-id=\"127d8ed\" data-element_type=\"widget\" data-widget_type=\"image-box.default\">\n\t\t\t\t<div class=\"elementor-widget-container\">\n\t\t\t\t\t<div class=\"elementor-image-box-wrapper\"><figure class=\"elementor-image-box-img\"><img decoding=\"async\" width=\"300\" height=\"300\" src=\"https:\/\/tech-inox.ind.br\/wp-content\/uploads\/2024\/01\/Tubo-Retangular.svg\" class=\"elementor-animation-shrink attachment-full size-full wp-image-758\" alt=\"\" \/><\/figure><div class=\"elementor-image-box-content\"><h3 class=\"elementor-image-box-title\">Retangular<\/h3><\/div><\/div>\t\t\t\t<\/div>\n\t\t\t\t<\/div>\n\t\t\t\t<div class=\"elementor-element elementor-element-de1ea78 elementor-widget__width-initial elementor-position-top elementor-widget elementor-widget-image-box\" data-id=\"de1ea78\" data-element_type=\"widget\" data-widget_type=\"image-box.default\">\n\t\t\t\t<div class=\"elementor-widget-container\">\n\t\t\t\t\t<div class=\"elementor-image-box-wrapper\"><figure class=\"elementor-image-box-img\"><img loading=\"lazy\" decoding=\"async\" width=\"300\" height=\"300\" src=\"https:\/\/tech-inox.ind.br\/wp-content\/uploads\/2024\/01\/Tubo-Redondos.svg\" class=\"elementor-animation-shrink attachment-full size-full wp-image-757\" alt=\"\" \/><\/figure><div class=\"elementor-image-box-content\"><h3 class=\"elementor-image-box-title\">OD \/ Tubing<\/h3><\/div><\/div>\t\t\t\t<\/div>\n\t\t\t\t<\/div>\n\t\t\t\t<div class=\"elementor-element elementor-element-f9d986d elementor-widget__width-initial elementor-position-top elementor-widget elementor-widget-image-box\" data-id=\"f9d986d\" data-element_type=\"widget\" data-widget_type=\"image-box.default\">\n\t\t\t\t<div class=\"elementor-widget-container\">\n\t\t\t\t\t<div class=\"elementor-image-box-wrapper\"><figure class=\"elementor-image-box-img\"><img loading=\"lazy\" decoding=\"async\" width=\"300\" height=\"300\" src=\"https:\/\/tech-inox.ind.br\/wp-content\/uploads\/2024\/01\/Tubo-od.svg\" class=\"elementor-animation-shrink attachment-full size-full wp-image-759\" alt=\"Tubo-od\" \/><\/figure><div class=\"elementor-image-box-content\"><h3 class=\"elementor-image-box-title\">Schedules<\/h3><\/div><\/div>\t\t\t\t<\/div>\n\t\t\t\t<\/div>\n\t\t\t\t<\/div>\n\t\t\t\t<div class=\"elementor-element elementor-element-825b4d0 elementor-align-center elementor-widget elementor-widget-button\" data-id=\"825b4d0\" data-element_type=\"widget\" data-widget_type=\"button.default\">\n\t\t\t\t<div class=\"elementor-widget-container\">\n\t\t\t\t\t\t\t\t\t<div class=\"elementor-button-wrapper\">\n\t\t\t\t\t<a class=\"elementor-button elementor-button-link elementor-size-sm\" href=\"https:\/\/wa.me\/5541996971191\" solicitarcota=\"\">\n\t\t\t\t\t\t<span class=\"elementor-button-content-wrapper\">\n\t\t\t\t\t\t\t\t\t<span class=\"elementor-button-text\">Solicitar Cota\u00e7\u00e3o<\/span>\n\t\t\t\t\t<\/span>\n\t\t\t\t\t<\/a>\n\t\t\t\t<\/div>\n\t\t\t\t\t\t\t\t<\/div>\n\t\t\t\t<\/div>\n\t\t\t\t<\/div>\n\t\t\t\t<\/div>\n\t\t<div class=\"elementor-element elementor-element-6f7e774 e-con-full e-flex e-con e-parent\" data-id=\"6f7e774\" data-element_type=\"container\" data-settings=\"{&quot;background_background&quot;:&quot;classic&quot;}\">\n\t\t\t\t<div class=\"elementor-element elementor-element-2d016e1 elementor-widget__width-inherit elementor-widget elementor-widget-heading\" data-id=\"2d016e1\" data-element_type=\"widget\" data-widget_type=\"heading.default\">\n\t\t\t\t<div class=\"elementor-widget-container\">\n\t\t\t\t\t<h3 class=\"elementor-heading-title elementor-size-default\">Conhe\u00e7a Nossos Produtos<\/h3>\t\t\t\t<\/div>\n\t\t\t\t<\/div>\n\t\t\t\t<\/div>\n\t\t<div class=\"elementor-element elementor-element-5e19f0d e-con-full e-flex e-con e-parent\" data-id=\"5e19f0d\" data-element_type=\"container\" data-settings=\"{&quot;background_background&quot;:&quot;classic&quot;}\">\n\t\t\t\t<div class=\"elementor-element elementor-element-68446a5 elementor-widget__width-initial elementor-position-top elementor-widget elementor-widget-image-box\" data-id=\"68446a5\" data-element_type=\"widget\" data-widget_type=\"image-box.default\">\n\t\t\t\t<div class=\"elementor-widget-container\">\n\t\t\t\t\t<div class=\"elementor-image-box-wrapper\"><figure class=\"elementor-image-box-img\"><a href=\"https:\/\/tech-inox.ind.br\/index.php\/bobinas\/\" tabindex=\"-1\"><img loading=\"lazy\" decoding=\"async\" width=\"300\" height=\"300\" src=\"https:\/\/tech-inox.ind.br\/wp-content\/uploads\/2024\/01\/5.svg\" class=\"elementor-animation-shrink attachment-full size-full wp-image-705\" alt=\"Bobinas de Inox\" \/><\/a><\/figure><div class=\"elementor-image-box-content\"><h3 class=\"elementor-image-box-title\"><a href=\"https:\/\/tech-inox.ind.br\/index.php\/bobinas\/\">Bobinas<\/a><\/h3><\/div><\/div>\t\t\t\t<\/div>\n\t\t\t\t<\/div>\n\t\t\t\t<div class=\"elementor-element elementor-element-6fb71eb elementor-widget__width-initial elementor-position-top elementor-widget elementor-widget-image-box\" data-id=\"6fb71eb\" data-element_type=\"widget\" data-widget_type=\"image-box.default\">\n\t\t\t\t<div class=\"elementor-widget-container\">\n\t\t\t\t\t<div class=\"elementor-image-box-wrapper\"><figure class=\"elementor-image-box-img\"><a href=\"https:\/\/tech-inox.ind.br\/index.php\/chapa\/\" tabindex=\"-1\"><img loading=\"lazy\" decoding=\"async\" width=\"300\" height=\"300\" src=\"https:\/\/tech-inox.ind.br\/wp-content\/uploads\/2024\/01\/4.svg\" class=\"elementor-animation-shrink attachment-full size-full wp-image-704\" alt=\"Chapas de Inox\" \/><\/a><\/figure><div class=\"elementor-image-box-content\"><h3 class=\"elementor-image-box-title\"><a href=\"https:\/\/tech-inox.ind.br\/index.php\/chapa\/\">Chapas<\/a><\/h3><\/div><\/div>\t\t\t\t<\/div>\n\t\t\t\t<\/div>\n\t\t\t\t<div class=\"elementor-element elementor-element-d9196bb elementor-widget__width-initial elementor-position-top elementor-widget elementor-widget-image-box\" data-id=\"d9196bb\" data-element_type=\"widget\" data-widget_type=\"image-box.default\">\n\t\t\t\t<div class=\"elementor-widget-container\">\n\t\t\t\t\t<div class=\"elementor-image-box-wrapper\"><figure class=\"elementor-image-box-img\"><a href=\"https:\/\/tech-inox.ind.br\/index.php\/cantoneiras\/\" tabindex=\"-1\"><img loading=\"lazy\" decoding=\"async\" width=\"300\" height=\"300\" src=\"https:\/\/tech-inox.ind.br\/wp-content\/uploads\/2024\/01\/3.svg\" class=\"elementor-animation-shrink attachment-full size-full wp-image-703\" alt=\"Cantoneiras de Inox\" \/><\/a><\/figure><div class=\"elementor-image-box-content\"><h3 class=\"elementor-image-box-title\"><a href=\"https:\/\/tech-inox.ind.br\/index.php\/cantoneiras\/\">Cantoneiras<\/a><\/h3><\/div><\/div>\t\t\t\t<\/div>\n\t\t\t\t<\/div>\n\t\t\t\t<div class=\"elementor-element elementor-element-b29f02c elementor-widget__width-initial elementor-position-top elementor-widget elementor-widget-image-box\" data-id=\"b29f02c\" data-element_type=\"widget\" data-widget_type=\"image-box.default\">\n\t\t\t\t<div class=\"elementor-widget-container\">\n\t\t\t\t\t<div class=\"elementor-image-box-wrapper\"><figure class=\"elementor-image-box-img\"><a href=\"https:\/\/tech-inox.ind.br\/index.php\/barras\/\" tabindex=\"-1\"><img loading=\"lazy\" decoding=\"async\" width=\"300\" height=\"300\" src=\"https:\/\/tech-inox.ind.br\/wp-content\/uploads\/2024\/01\/2.svg\" class=\"elementor-animation-shrink attachment-full size-full wp-image-702\" alt=\"Barras de Inox\" \/><\/a><\/figure><div class=\"elementor-image-box-content\"><h3 class=\"elementor-image-box-title\"><a href=\"https:\/\/tech-inox.ind.br\/index.php\/barras\/\">Barras<\/a><\/h3><\/div><\/div>\t\t\t\t<\/div>\n\t\t\t\t<\/div>\n\t\t\t\t<\/div>\n\t\t<div class=\"elementor-element elementor-element-3260f4a e-flex e-con-boxed e-con e-parent\" data-id=\"3260f4a\" data-element_type=\"container\" data-settings=\"{&quot;background_background&quot;:&quot;classic&quot;}\">\n\t\t\t\t\t<div class=\"e-con-inner\">\n\t\t<div class=\"elementor-element elementor-element-b9d42eb e-con-full e-flex e-con e-child\" data-id=\"b9d42eb\" data-element_type=\"container\">\n\t\t\t\t<div class=\"elementor-element elementor-element-df4a8ea elementor-widget elementor-widget-text-editor\" data-id=\"df4a8ea\" data-element_type=\"widget\" data-widget_type=\"text-editor.default\">\n\t\t\t\t<div class=\"elementor-widget-container\">\n\t\t\t\t\t\t\t\t\t<p><strong>Pe\u00e7a sua cota\u00e7\u00e3o Conosco!<\/strong> Estamos aqui para te ajudar!<\/p>\t\t\t\t\t\t\t\t<\/div>\n\t\t\t\t<\/div>\n\t\t\t\t<\/div>\n\t\t<div class=\"elementor-element elementor-element-a147af8 e-con-full e-flex e-con e-child\" data-id=\"a147af8\" data-element_type=\"container\">\n\t\t\t\t<div class=\"elementor-element elementor-element-448b847 elementor-align-center elementor-widget elementor-widget-button\" data-id=\"448b847\" data-element_type=\"widget\" data-widget_type=\"button.default\">\n\t\t\t\t<div class=\"elementor-widget-container\">\n\t\t\t\t\t\t\t\t\t<div class=\"elementor-button-wrapper\">\n\t\t\t\t\t<a class=\"elementor-button elementor-button-link elementor-size-sm\" href=\"https:\/\/wa.me\/5541996971191\">\n\t\t\t\t\t\t<span class=\"elementor-button-content-wrapper\">\n\t\t\t\t\t\t\t\t\t<span class=\"elementor-button-text\">Solicitar Cota\u00e7\u00e3o<\/span>\n\t\t\t\t\t<\/span>\n\t\t\t\t\t<\/a>\n\t\t\t\t<\/div>\n\t\t\t\t\t\t\t\t<\/div>\n\t\t\t\t<\/div>\n\t\t\t\t<\/div>\n\t\t\t\t\t<\/div>\n\t\t\t\t<\/div>\n\t\t<div class=\"elementor-element elementor-element-2eacab6 e-con-full e-flex e-con e-parent\" data-id=\"2eacab6\" data-element_type=\"container\">\n\t\t\t\t<div class=\"elementor-element elementor-element-582f855 elementor-widget elementor-widget-heading\" data-id=\"582f855\" data-element_type=\"widget\" data-widget_type=\"heading.default\">\n\t\t\t\t<div class=\"elementor-widget-container\">\n\t\t\t\t\t<h2 class=\"elementor-heading-title elementor-size-default\">Segmentos<\/h2>\t\t\t\t<\/div>\n\t\t\t\t<\/div>\n\t\t\t\t<\/div>\n\t\t<div class=\"elementor-element elementor-element-a13b2d6 e-con-full e-flex e-con e-parent\" data-id=\"a13b2d6\" data-element_type=\"container\" data-settings=\"{&quot;background_background&quot;:&quot;classic&quot;}\">\n\t\t\t\t<div class=\"elementor-element elementor-element-3c5c4da elementor-widget__width-initial elementor-position-top elementor-widget elementor-widget-image-box\" data-id=\"3c5c4da\" data-element_type=\"widget\" data-widget_type=\"image-box.default\">\n\t\t\t\t<div class=\"elementor-widget-container\">\n\t\t\t\t\t<div class=\"elementor-image-box-wrapper\"><figure class=\"elementor-image-box-img\"><img loading=\"lazy\" decoding=\"async\" width=\"300\" height=\"300\" src=\"https:\/\/tech-inox.ind.br\/wp-content\/uploads\/2024\/01\/Alimenticio.svg\" class=\"elementor-animation-grow attachment-full size-full wp-image-730\" alt=\"Segmento Aliment\u00edcio\" \/><\/figure><div class=\"elementor-image-box-content\"><h4 class=\"elementor-image-box-title\">Aliment\u00edcio<\/h4><\/div><\/div>\t\t\t\t<\/div>\n\t\t\t\t<\/div>\n\t\t\t\t<div class=\"elementor-element elementor-element-d4e08e9 elementor-widget__width-initial elementor-position-top elementor-widget elementor-widget-image-box\" data-id=\"d4e08e9\" data-element_type=\"widget\" data-widget_type=\"image-box.default\">\n\t\t\t\t<div class=\"elementor-widget-container\">\n\t\t\t\t\t<div class=\"elementor-image-box-wrapper\"><figure class=\"elementor-image-box-img\"><img loading=\"lazy\" decoding=\"async\" width=\"300\" height=\"300\" src=\"https:\/\/tech-inox.ind.br\/wp-content\/uploads\/2024\/01\/Blindagem.svg\" class=\"elementor-animation-shrink attachment-full size-full wp-image-742\" alt=\"Blindagem\" \/><\/figure><div class=\"elementor-image-box-content\"><h4 class=\"elementor-image-box-title\">Blindagem<\/h4><\/div><\/div>\t\t\t\t<\/div>\n\t\t\t\t<\/div>\n\t\t\t\t<div class=\"elementor-element elementor-element-8f348cc elementor-widget__width-initial elementor-position-top elementor-widget elementor-widget-image-box\" data-id=\"8f348cc\" data-element_type=\"widget\" data-widget_type=\"image-box.default\">\n\t\t\t\t<div class=\"elementor-widget-container\">\n\t\t\t\t\t<div class=\"elementor-image-box-wrapper\"><figure class=\"elementor-image-box-img\"><img loading=\"lazy\" decoding=\"async\" width=\"300\" height=\"300\" src=\"https:\/\/tech-inox.ind.br\/wp-content\/uploads\/2024\/01\/Construcao.svg\" class=\"elementor-animation-shrink attachment-full size-full wp-image-743\" alt=\"Constru\u00e7\u00e3o Civil\" \/><\/figure><div class=\"elementor-image-box-content\"><h4 class=\"elementor-image-box-title\">Constru\u00e7\u00e3o Civil<\/h4><\/div><\/div>\t\t\t\t<\/div>\n\t\t\t\t<\/div>\n\t\t\t\t<div class=\"elementor-element elementor-element-5b33400 elementor-widget__width-initial elementor-position-top elementor-widget elementor-widget-image-box\" data-id=\"5b33400\" data-element_type=\"widget\" data-widget_type=\"image-box.default\">\n\t\t\t\t<div class=\"elementor-widget-container\">\n\t\t\t\t\t<div class=\"elementor-image-box-wrapper\"><figure class=\"elementor-image-box-img\"><img loading=\"lazy\" decoding=\"async\" width=\"300\" height=\"300\" src=\"https:\/\/tech-inox.ind.br\/wp-content\/uploads\/2024\/01\/Cozinha-1.svg\" class=\"elementor-animation-shrink attachment-full size-full wp-image-737\" alt=\"Cozinha\" \/><\/figure><div class=\"elementor-image-box-content\"><h5 class=\"elementor-image-box-title\">Cozinha Industrial<\/h5><\/div><\/div>\t\t\t\t<\/div>\n\t\t\t\t<\/div>\n\t\t\t\t<div class=\"elementor-element elementor-element-c627ac2 elementor-widget__width-initial elementor-position-top elementor-widget elementor-widget-image-box\" data-id=\"c627ac2\" data-element_type=\"widget\" data-widget_type=\"image-box.default\">\n\t\t\t\t<div class=\"elementor-widget-container\">\n\t\t\t\t\t<div class=\"elementor-image-box-wrapper\"><figure class=\"elementor-image-box-img\"><img loading=\"lazy\" decoding=\"async\" width=\"300\" height=\"300\" src=\"https:\/\/tech-inox.ind.br\/wp-content\/uploads\/2024\/01\/Cozinha.svg\" class=\"elementor-animation-shrink attachment-full size-full wp-image-735\" alt=\"Elevadores\" \/><\/figure><div class=\"elementor-image-box-content\"><h4 class=\"elementor-image-box-title\">Elevadores<\/h4><\/div><\/div>\t\t\t\t<\/div>\n\t\t\t\t<\/div>\n\t\t\t\t<div class=\"elementor-element elementor-element-6f7355e elementor-widget__width-initial elementor-position-top elementor-widget elementor-widget-image-box\" data-id=\"6f7355e\" data-element_type=\"widget\" data-widget_type=\"image-box.default\">\n\t\t\t\t<div class=\"elementor-widget-container\">\n\t\t\t\t\t<div class=\"elementor-image-box-wrapper\"><figure class=\"elementor-image-box-img\"><img loading=\"lazy\" decoding=\"async\" width=\"300\" height=\"300\" src=\"https:\/\/tech-inox.ind.br\/wp-content\/uploads\/2024\/01\/Farmaceutico.svg\" class=\"elementor-animation-shrink attachment-full size-full wp-image-749\" alt=\"Farmaceutico\" \/><\/figure><div class=\"elementor-image-box-content\"><h4 class=\"elementor-image-box-title\">Farmac\u00eautica<\/h4><\/div><\/div>\t\t\t\t<\/div>\n\t\t\t\t<\/div>\n\t\t\t\t<div class=\"elementor-element elementor-element-ada4260 elementor-widget__width-initial elementor-position-top elementor-widget elementor-widget-image-box\" data-id=\"ada4260\" data-element_type=\"widget\" data-widget_type=\"image-box.default\">\n\t\t\t\t<div class=\"elementor-widget-container\">\n\t\t\t\t\t<div class=\"elementor-image-box-wrapper\"><figure class=\"elementor-image-box-img\"><img loading=\"lazy\" decoding=\"async\" width=\"300\" height=\"300\" src=\"https:\/\/tech-inox.ind.br\/wp-content\/uploads\/2024\/01\/Hospital.svg\" class=\"elementor-animation-shrink attachment-full size-full wp-image-744\" alt=\"Moveis Hospitalares\" \/><\/figure><div class=\"elementor-image-box-content\"><h5 class=\"elementor-image-box-title\">M\u00f3veis Hospitalares<\/h5><\/div><\/div>\t\t\t\t<\/div>\n\t\t\t\t<\/div>\n\t\t\t\t<div class=\"elementor-element elementor-element-4c44011 elementor-widget__width-initial elementor-position-top elementor-widget elementor-widget-image-box\" data-id=\"4c44011\" data-element_type=\"widget\" data-widget_type=\"image-box.default\">\n\t\t\t\t<div class=\"elementor-widget-container\">\n\t\t\t\t\t<div class=\"elementor-image-box-wrapper\"><figure class=\"elementor-image-box-img\"><img loading=\"lazy\" decoding=\"async\" width=\"300\" height=\"300\" src=\"https:\/\/tech-inox.ind.br\/wp-content\/uploads\/2024\/01\/Moveleiro.svg\" class=\"elementor-animation-shrink attachment-full size-full wp-image-745\" alt=\"Moveleiro\" \/><\/figure><div class=\"elementor-image-box-content\"><h4 class=\"elementor-image-box-title\">Moveleiro<\/h4><\/div><\/div>\t\t\t\t<\/div>\n\t\t\t\t<\/div>\n\t\t\t\t<div class=\"elementor-element elementor-element-9073b2e elementor-widget__width-initial elementor-position-top elementor-widget elementor-widget-image-box\" data-id=\"9073b2e\" data-element_type=\"widget\" data-widget_type=\"image-box.default\">\n\t\t\t\t<div class=\"elementor-widget-container\">\n\t\t\t\t\t<div class=\"elementor-image-box-wrapper\"><figure class=\"elementor-image-box-img\"><img loading=\"lazy\" decoding=\"async\" width=\"300\" height=\"300\" src=\"https:\/\/tech-inox.ind.br\/wp-content\/uploads\/2024\/01\/Arquitetura.svg\" class=\"elementor-animation-shrink attachment-full size-full wp-image-750\" alt=\"Arquitetura e Urbanismo\" \/><\/figure><div class=\"elementor-image-box-content\"><h5 class=\"elementor-image-box-title\">Arquitetura e Urbanismo<\/h5><\/div><\/div>\t\t\t\t<\/div>\n\t\t\t\t<\/div>\n\t\t\t\t<div class=\"elementor-element elementor-element-7e992d4 elementor-widget__width-initial elementor-position-top elementor-widget elementor-widget-image-box\" data-id=\"7e992d4\" data-element_type=\"widget\" data-widget_type=\"image-box.default\">\n\t\t\t\t<div class=\"elementor-widget-container\">\n\t\t\t\t\t<div class=\"elementor-image-box-wrapper\"><figure class=\"elementor-image-box-img\"><img loading=\"lazy\" decoding=\"async\" width=\"300\" height=\"300\" src=\"https:\/\/tech-inox.ind.br\/wp-content\/uploads\/2024\/01\/Naval.svg\" class=\"elementor-animation-shrink attachment-full size-full wp-image-746\" alt=\"\" \/><\/figure><div class=\"elementor-image-box-content\"><h5 class=\"elementor-image-box-title\">Naval<\/h5><\/div><\/div>\t\t\t\t<\/div>\n\t\t\t\t<\/div>\n\t\t\t\t<div class=\"elementor-element elementor-element-01d1ebd elementor-widget__width-initial elementor-position-top elementor-widget elementor-widget-image-box\" data-id=\"01d1ebd\" data-element_type=\"widget\" data-widget_type=\"image-box.default\">\n\t\t\t\t<div class=\"elementor-widget-container\">\n\t\t\t\t\t<div class=\"elementor-image-box-wrapper\"><figure class=\"elementor-image-box-img\"><img loading=\"lazy\" decoding=\"async\" width=\"300\" height=\"300\" src=\"https:\/\/tech-inox.ind.br\/wp-content\/uploads\/2024\/01\/Papel.svg\" class=\"elementor-animation-shrink attachment-full size-full wp-image-973\" alt=\"Papel e Celulose\" \/><\/figure><div class=\"elementor-image-box-content\"><h4 class=\"elementor-image-box-title\">Papel e Celulose<\/h4><\/div><\/div>\t\t\t\t<\/div>\n\t\t\t\t<\/div>\n\t\t\t\t<div class=\"elementor-element elementor-element-7266781 elementor-widget__width-initial elementor-position-top elementor-widget elementor-widget-image-box\" data-id=\"7266781\" data-element_type=\"widget\" data-widget_type=\"image-box.default\">\n\t\t\t\t<div class=\"elementor-widget-container\">\n\t\t\t\t\t<div class=\"elementor-image-box-wrapper\"><figure class=\"elementor-image-box-img\"><img loading=\"lazy\" decoding=\"async\" width=\"300\" height=\"300\" src=\"https:\/\/tech-inox.ind.br\/wp-content\/uploads\/2024\/01\/Petroleo.svg\" class=\"elementor-animation-shrink attachment-full size-full wp-image-738\" alt=\"Petroleo\" \/><\/figure><div class=\"elementor-image-box-content\"><h4 class=\"elementor-image-box-title\">Petr\u00f3leo e G\u00e1s<\/h4><\/div><\/div>\t\t\t\t<\/div>\n\t\t\t\t<\/div>\n\t\t\t\t<div class=\"elementor-element elementor-element-8482e7e elementor-widget__width-initial elementor-position-top elementor-widget elementor-widget-image-box\" data-id=\"8482e7e\" data-element_type=\"widget\" data-widget_type=\"image-box.default\">\n\t\t\t\t<div class=\"elementor-widget-container\">\n\t\t\t\t\t<div class=\"elementor-image-box-wrapper\"><figure class=\"elementor-image-box-img\"><img loading=\"lazy\" decoding=\"async\" width=\"300\" height=\"300\" src=\"https:\/\/tech-inox.ind.br\/wp-content\/uploads\/2024\/01\/Sucroalcooleiro.svg\" class=\"elementor-animation-shrink attachment-full size-full wp-image-748\" alt=\"Sucroalcooleiro\" \/><\/figure><div class=\"elementor-image-box-content\"><h4 class=\"elementor-image-box-title\">Sucroalcooleiro<\/h4><\/div><\/div>\t\t\t\t<\/div>\n\t\t\t\t<\/div>\n\t\t\t\t<\/div>\n\t\t\t\t<\/div>\n\t\t","protected":false},"excerpt":{"rendered":"<p>Tubos Nosso amplo estoque conta com materiais como: Tubos OD \/ Tubings, Tubos Quadrados e Retangulares. Tudo em a\u00e7o inox. Polido ou escovado. Para aplica\u00e7\u00f5es que exijam maior efici\u00eancia mec\u00e2nica, o Grupo Tech oferece a linha de Tubos Schedules, ou chamados tubos industriais em inox, sendo muito utilizado em projetos que necessitam de condu\u00e7\u00e3o de [&hellip;]<\/p>\n","protected":false},"author":1,"featured_media":0,"parent":0,"menu_order":0,"comment_status":"closed","ping_status":"closed","template":"page-templates\/fullwidth-content.php","meta":{"om_disable_all_campaigns":false,"_monsterinsights_skip_tracking":false,"_monsterinsights_sitenote_active":false,"_monsterinsights_sitenote_note":"","_monsterinsights_sitenote_category":0,"footnotes":""},"class_list":["post-239","page","type-page","status-publish","hentry"],"aioseo_notices":[],"_links":{"self":[{"href":"https:\/\/tech-inox.ind.br\/index.php\/wp-json\/wp\/v2\/pages\/239","targetHints":{"allow":["GET"]}}],"collection":[{"href":"https:\/\/tech-inox.ind.br\/index.php\/wp-json\/wp\/v2\/pages"}],"about":[{"href":"https:\/\/tech-inox.ind.br\/index.php\/wp-json\/wp\/v2\/types\/page"}],"author":[{"embeddable":true,"href":"https:\/\/tech-inox.ind.br\/index.php\/wp-json\/wp\/v2\/users\/1"}],"replies":[{"embeddable":true,"href":"https:\/\/tech-inox.ind.br\/index.php\/wp-json\/wp\/v2\/comments?post=239"}],"version-history":[{"count":37,"href":"https:\/\/tech-inox.ind.br\/index.php\/wp-json\/wp\/v2\/pages\/239\/revisions"}],"predecessor-version":[{"id":1169,"href":"https:\/\/tech-inox.ind.br\/index.php\/wp-json\/wp\/v2\/pages\/239\/revisions\/1169"}],"wp:attachment":[{"href":"https:\/\/tech-inox.ind.br\/index.php\/wp-json\/wp\/v2\/media?parent=239"}],"curies":[{"name":"wp","href":"https:\/\/api.w.org\/{rel}","templated":true}]}}