{"id":236,"date":"2023-12-20T13:33:02","date_gmt":"2023-12-20T16:33:02","guid":{"rendered":"http:\/\/tech-inox.ind.br\/?page_id=236"},"modified":"2024-12-06T15:22:03","modified_gmt":"2024-12-06T18:22:03","slug":"chapa","status":"publish","type":"page","link":"https:\/\/tech-inox.ind.br\/index.php\/chapa\/","title":{"rendered":"Chapa"},"content":{"rendered":"\t\t<div data-elementor-type=\"wp-page\" data-elementor-id=\"236\" class=\"elementor elementor-236\" data-elementor-post-type=\"page\">\n\t\t\t\t<div class=\"elementor-element elementor-element-681de6e e-con-full e-flex e-con e-parent\" data-id=\"681de6e\" data-element_type=\"container\" data-settings=\"{&quot;background_background&quot;:&quot;classic&quot;}\">\n\t\t<div class=\"elementor-element elementor-element-f82aaa0 e-con-full e-flex e-con e-child\" data-id=\"f82aaa0\" data-element_type=\"container\">\n\t\t\t\t<div class=\"elementor-element elementor-element-483633b elementor-widget elementor-widget-image\" data-id=\"483633b\" data-element_type=\"widget\" data-widget_type=\"image.default\">\n\t\t\t\t<div class=\"elementor-widget-container\">\n\t\t\t\t\t\t\t\t\t\t\t\t\t\t\t<img fetchpriority=\"high\" decoding=\"async\" width=\"300\" height=\"300\" src=\"https:\/\/tech-inox.ind.br\/wp-content\/uploads\/2024\/01\/4.svg\" class=\"attachment-medium size-medium wp-image-704\" alt=\"Chapas de Inox\" \/>\t\t\t\t\t\t\t\t\t\t\t\t\t\t\t<\/div>\n\t\t\t\t<\/div>\n\t\t\t\t<\/div>\n\t\t<div class=\"elementor-element elementor-element-29755b3 e-con-full e-flex e-con e-child\" data-id=\"29755b3\" data-element_type=\"container\">\n\t\t\t\t<div class=\"elementor-element elementor-element-8ee1e6a elementor-widget elementor-widget-heading\" data-id=\"8ee1e6a\" data-element_type=\"widget\" data-widget_type=\"heading.default\">\n\t\t\t\t<div class=\"elementor-widget-container\">\n\t\t\t\t\t<h2 class=\"elementor-heading-title elementor-size-default\">Chapas<\/h2>\t\t\t\t<\/div>\n\t\t\t\t<\/div>\n\t\t\t\t<div class=\"elementor-element elementor-element-12bc14e elementor-widget elementor-widget-text-editor\" data-id=\"12bc14e\" data-element_type=\"widget\" data-widget_type=\"text-editor.default\">\n\t\t\t\t<div class=\"elementor-widget-container\">\n\t\t\t\t\t\t\t\t\t<p>Na<strong> Tech-Inox<\/strong> voc\u00ea encontra uma ampla linha de chapas de a\u00e7o inox: <strong>lisas ou com PVC, polidas,<\/strong> <strong>escovadas, perfuradas, xadrez e recalcadas.<\/strong><\/p>\n<p>Al\u00e9m da chapa em a\u00e7o inox <strong>304<\/strong>, voc\u00ea encontra chapas nas ligas&nbsp;<\/p><p><strong>304L, 316, 316L e 430.<\/strong><\/p>\t\t\t\t\t\t\t\t<\/div>\n\t\t\t\t<\/div>\n\t\t\t\t<div class=\"elementor-element elementor-element-1a96876 elementor-align-center elementor-widget elementor-widget-button\" data-id=\"1a96876\" data-element_type=\"widget\" data-widget_type=\"button.default\">\n\t\t\t\t<div class=\"elementor-widget-container\">\n\t\t\t\t\t\t\t\t\t<div class=\"elementor-button-wrapper\">\n\t\t\t\t\t<a class=\"elementor-button elementor-button-link elementor-size-sm\" href=\"https:\/\/wa.me\/5541996971191\" solicitarcota=\"\">\n\t\t\t\t\t\t<span class=\"elementor-button-content-wrapper\">\n\t\t\t\t\t\t\t\t\t<span class=\"elementor-button-text\">Solicitar Cota\u00e7\u00e3o<\/span>\n\t\t\t\t\t<\/span>\n\t\t\t\t\t<\/a>\n\t\t\t\t<\/div>\n\t\t\t\t\t\t\t\t<\/div>\n\t\t\t\t<\/div>\n\t\t\t\t<\/div>\n\t\t\t\t<\/div>\n\t\t<div class=\"elementor-element elementor-element-f5ee533 e-con-full e-flex e-con e-parent\" data-id=\"f5ee533\" data-element_type=\"container\" data-settings=\"{&quot;background_background&quot;:&quot;classic&quot;}\">\n\t\t\t\t<div class=\"elementor-element elementor-element-5c642da elementor-widget__width-inherit elementor-widget elementor-widget-heading\" data-id=\"5c642da\" data-element_type=\"widget\" data-widget_type=\"heading.default\">\n\t\t\t\t<div class=\"elementor-widget-container\">\n\t\t\t\t\t<h3 class=\"elementor-heading-title elementor-size-default\">Conhe\u00e7a Nossos Produtos<\/h3>\t\t\t\t<\/div>\n\t\t\t\t<\/div>\n\t\t\t\t<\/div>\n\t\t<div class=\"elementor-element elementor-element-6d2cc55 e-con-full e-flex e-con e-parent\" data-id=\"6d2cc55\" data-element_type=\"container\" data-settings=\"{&quot;background_background&quot;:&quot;classic&quot;}\">\n\t\t\t\t<div class=\"elementor-element elementor-element-b4ebdf8 elementor-widget__width-initial elementor-position-top elementor-widget elementor-widget-image-box\" data-id=\"b4ebdf8\" data-element_type=\"widget\" data-widget_type=\"image-box.default\">\n\t\t\t\t<div class=\"elementor-widget-container\">\n\t\t\t\t\t<div class=\"elementor-image-box-wrapper\"><figure class=\"elementor-image-box-img\"><a href=\"https:\/\/tech-inox.ind.br\/index.php\/bobinas\/\" tabindex=\"-1\"><img decoding=\"async\" width=\"300\" height=\"300\" src=\"https:\/\/tech-inox.ind.br\/wp-content\/uploads\/2024\/01\/5.svg\" class=\"elementor-animation-shrink attachment-full size-full wp-image-705\" alt=\"Bobinas de Inox\" \/><\/a><\/figure><div class=\"elementor-image-box-content\"><h3 class=\"elementor-image-box-title\"><a href=\"https:\/\/tech-inox.ind.br\/index.php\/bobinas\/\">Bobinas<\/a><\/h3><\/div><\/div>\t\t\t\t<\/div>\n\t\t\t\t<\/div>\n\t\t\t\t<div class=\"elementor-element elementor-element-e2bf807 elementor-widget__width-initial elementor-position-top elementor-widget elementor-widget-image-box\" data-id=\"e2bf807\" data-element_type=\"widget\" data-widget_type=\"image-box.default\">\n\t\t\t\t<div class=\"elementor-widget-container\">\n\t\t\t\t\t<div class=\"elementor-image-box-wrapper\"><figure class=\"elementor-image-box-img\"><a href=\"https:\/\/tech-inox.ind.br\/index.php\/cantoneiras\/\" tabindex=\"-1\"><img decoding=\"async\" width=\"300\" height=\"300\" src=\"https:\/\/tech-inox.ind.br\/wp-content\/uploads\/2024\/01\/3.svg\" class=\"elementor-animation-shrink attachment-full size-full wp-image-703\" alt=\"Cantoneiras de Inox\" \/><\/a><\/figure><div class=\"elementor-image-box-content\"><h3 class=\"elementor-image-box-title\"><a href=\"https:\/\/tech-inox.ind.br\/index.php\/cantoneiras\/\">Cantoneiras<\/a><\/h3><\/div><\/div>\t\t\t\t<\/div>\n\t\t\t\t<\/div>\n\t\t\t\t<div class=\"elementor-element elementor-element-0b4fb94 elementor-widget__width-initial elementor-position-top elementor-widget elementor-widget-image-box\" data-id=\"0b4fb94\" data-element_type=\"widget\" data-widget_type=\"image-box.default\">\n\t\t\t\t<div class=\"elementor-widget-container\">\n\t\t\t\t\t<div class=\"elementor-image-box-wrapper\"><figure class=\"elementor-image-box-img\"><a href=\"https:\/\/tech-inox.ind.br\/index.php\/tubos\/\" tabindex=\"-1\"><img loading=\"lazy\" decoding=\"async\" width=\"300\" height=\"300\" src=\"https:\/\/tech-inox.ind.br\/wp-content\/uploads\/2024\/01\/1.svg\" class=\"elementor-animation-shrink attachment-full size-full wp-image-701\" alt=\"Tubos de Inox\" \/><\/a><\/figure><div class=\"elementor-image-box-content\"><h3 class=\"elementor-image-box-title\"><a href=\"https:\/\/tech-inox.ind.br\/index.php\/tubos\/\">Tubos<\/a><\/h3><\/div><\/div>\t\t\t\t<\/div>\n\t\t\t\t<\/div>\n\t\t\t\t<div class=\"elementor-element elementor-element-5676e7c elementor-widget__width-initial elementor-position-top elementor-widget elementor-widget-image-box\" data-id=\"5676e7c\" data-element_type=\"widget\" data-widget_type=\"image-box.default\">\n\t\t\t\t<div class=\"elementor-widget-container\">\n\t\t\t\t\t<div class=\"elementor-image-box-wrapper\"><figure class=\"elementor-image-box-img\"><a href=\"https:\/\/tech-inox.ind.br\/index.php\/barras\/\" tabindex=\"-1\"><img loading=\"lazy\" decoding=\"async\" width=\"300\" height=\"300\" src=\"https:\/\/tech-inox.ind.br\/wp-content\/uploads\/2024\/01\/2.svg\" class=\"elementor-animation-shrink attachment-full size-full wp-image-702\" alt=\"Barras de Inox\" \/><\/a><\/figure><div class=\"elementor-image-box-content\"><h3 class=\"elementor-image-box-title\"><a href=\"https:\/\/tech-inox.ind.br\/index.php\/barras\/\">Barras<\/a><\/h3><\/div><\/div>\t\t\t\t<\/div>\n\t\t\t\t<\/div>\n\t\t\t\t<\/div>\n\t\t<div class=\"elementor-element elementor-element-d99f8f1 e-flex e-con-boxed e-con e-parent\" data-id=\"d99f8f1\" data-element_type=\"container\" data-settings=\"{&quot;background_background&quot;:&quot;classic&quot;}\">\n\t\t\t\t\t<div class=\"e-con-inner\">\n\t\t<div class=\"elementor-element elementor-element-4f7fbcd e-con-full e-flex e-con e-child\" data-id=\"4f7fbcd\" data-element_type=\"container\">\n\t\t\t\t<div class=\"elementor-element elementor-element-a1559a7 elementor-widget elementor-widget-text-editor\" data-id=\"a1559a7\" data-element_type=\"widget\" data-widget_type=\"text-editor.default\">\n\t\t\t\t<div class=\"elementor-widget-container\">\n\t\t\t\t\t\t\t\t\t<p><strong>Pe\u00e7a sua cota\u00e7\u00e3o Conosco!<\/strong>&nbsp;<\/p><p>Estamos aqui para te ajudar!<\/p>\t\t\t\t\t\t\t\t<\/div>\n\t\t\t\t<\/div>\n\t\t\t\t<\/div>\n\t\t<div class=\"elementor-element elementor-element-6be821f e-con-full e-flex e-con e-child\" data-id=\"6be821f\" data-element_type=\"container\">\n\t\t\t\t<div class=\"elementor-element elementor-element-04ed13f elementor-align-center elementor-widget elementor-widget-button\" data-id=\"04ed13f\" data-element_type=\"widget\" data-widget_type=\"button.default\">\n\t\t\t\t<div class=\"elementor-widget-container\">\n\t\t\t\t\t\t\t\t\t<div class=\"elementor-button-wrapper\">\n\t\t\t\t\t<a class=\"elementor-button elementor-button-link elementor-size-sm\" href=\"https:\/\/wa.me\/5541996971191\">\n\t\t\t\t\t\t<span class=\"elementor-button-content-wrapper\">\n\t\t\t\t\t\t\t\t\t<span class=\"elementor-button-text\">Solicitar Cota\u00e7\u00e3o<\/span>\n\t\t\t\t\t<\/span>\n\t\t\t\t\t<\/a>\n\t\t\t\t<\/div>\n\t\t\t\t\t\t\t\t<\/div>\n\t\t\t\t<\/div>\n\t\t\t\t<\/div>\n\t\t\t\t\t<\/div>\n\t\t\t\t<\/div>\n\t\t<div class=\"elementor-element elementor-element-2e4c7f9 e-con-full e-flex e-con e-parent\" data-id=\"2e4c7f9\" data-element_type=\"container\">\n\t\t\t\t<div class=\"elementor-element elementor-element-495994e elementor-widget elementor-widget-heading\" data-id=\"495994e\" data-element_type=\"widget\" data-widget_type=\"heading.default\">\n\t\t\t\t<div class=\"elementor-widget-container\">\n\t\t\t\t\t<h2 class=\"elementor-heading-title elementor-size-default\">Segmentos<\/h2>\t\t\t\t<\/div>\n\t\t\t\t<\/div>\n\t\t\t\t<\/div>\n\t\t<div class=\"elementor-element elementor-element-8570b4b e-con-full e-flex e-con e-parent\" data-id=\"8570b4b\" data-element_type=\"container\" data-settings=\"{&quot;background_background&quot;:&quot;classic&quot;}\">\n\t\t\t\t<div class=\"elementor-element elementor-element-ef705b0 elementor-widget__width-initial elementor-position-top elementor-widget elementor-widget-image-box\" data-id=\"ef705b0\" data-element_type=\"widget\" data-widget_type=\"image-box.default\">\n\t\t\t\t<div class=\"elementor-widget-container\">\n\t\t\t\t\t<div class=\"elementor-image-box-wrapper\"><figure class=\"elementor-image-box-img\"><img loading=\"lazy\" decoding=\"async\" width=\"300\" height=\"300\" src=\"https:\/\/tech-inox.ind.br\/wp-content\/uploads\/2024\/01\/Alimenticio.svg\" class=\"elementor-animation-grow attachment-full size-full wp-image-730\" alt=\"Segmento Aliment\u00edcio\" \/><\/figure><div class=\"elementor-image-box-content\"><h4 class=\"elementor-image-box-title\">Aliment\u00edcio<\/h4><\/div><\/div>\t\t\t\t<\/div>\n\t\t\t\t<\/div>\n\t\t\t\t<div class=\"elementor-element elementor-element-14bb92f elementor-widget__width-initial elementor-position-top elementor-widget elementor-widget-image-box\" data-id=\"14bb92f\" data-element_type=\"widget\" data-widget_type=\"image-box.default\">\n\t\t\t\t<div class=\"elementor-widget-container\">\n\t\t\t\t\t<div class=\"elementor-image-box-wrapper\"><figure class=\"elementor-image-box-img\"><img loading=\"lazy\" decoding=\"async\" width=\"300\" height=\"300\" src=\"https:\/\/tech-inox.ind.br\/wp-content\/uploads\/2024\/01\/Blindagem.svg\" class=\"elementor-animation-shrink attachment-full size-full wp-image-742\" alt=\"Blindagem\" \/><\/figure><div class=\"elementor-image-box-content\"><h4 class=\"elementor-image-box-title\">Blindagem<\/h4><\/div><\/div>\t\t\t\t<\/div>\n\t\t\t\t<\/div>\n\t\t\t\t<div class=\"elementor-element elementor-element-1a9cabc elementor-widget__width-initial elementor-position-top elementor-widget elementor-widget-image-box\" data-id=\"1a9cabc\" data-element_type=\"widget\" data-widget_type=\"image-box.default\">\n\t\t\t\t<div class=\"elementor-widget-container\">\n\t\t\t\t\t<div class=\"elementor-image-box-wrapper\"><figure class=\"elementor-image-box-img\"><img loading=\"lazy\" decoding=\"async\" width=\"300\" height=\"300\" src=\"https:\/\/tech-inox.ind.br\/wp-content\/uploads\/2024\/01\/Construcao.svg\" class=\"elementor-animation-shrink attachment-full size-full wp-image-743\" alt=\"Constru\u00e7\u00e3o Civil\" \/><\/figure><div class=\"elementor-image-box-content\"><h4 class=\"elementor-image-box-title\">Constru\u00e7\u00e3o Civil<\/h4><\/div><\/div>\t\t\t\t<\/div>\n\t\t\t\t<\/div>\n\t\t\t\t<div class=\"elementor-element elementor-element-2969764 elementor-widget__width-initial elementor-position-top elementor-widget elementor-widget-image-box\" data-id=\"2969764\" data-element_type=\"widget\" data-widget_type=\"image-box.default\">\n\t\t\t\t<div class=\"elementor-widget-container\">\n\t\t\t\t\t<div class=\"elementor-image-box-wrapper\"><figure class=\"elementor-image-box-img\"><img loading=\"lazy\" decoding=\"async\" width=\"300\" height=\"300\" src=\"https:\/\/tech-inox.ind.br\/wp-content\/uploads\/2024\/01\/Cozinha-1.svg\" class=\"elementor-animation-shrink attachment-full size-full wp-image-737\" alt=\"Cozinha\" \/><\/figure><div class=\"elementor-image-box-content\"><h5 class=\"elementor-image-box-title\">Cozinha Industrial<\/h5><\/div><\/div>\t\t\t\t<\/div>\n\t\t\t\t<\/div>\n\t\t\t\t<div class=\"elementor-element elementor-element-238a222 elementor-widget__width-initial elementor-position-top elementor-widget elementor-widget-image-box\" data-id=\"238a222\" data-element_type=\"widget\" data-widget_type=\"image-box.default\">\n\t\t\t\t<div class=\"elementor-widget-container\">\n\t\t\t\t\t<div class=\"elementor-image-box-wrapper\"><figure class=\"elementor-image-box-img\"><img loading=\"lazy\" decoding=\"async\" width=\"300\" height=\"300\" src=\"https:\/\/tech-inox.ind.br\/wp-content\/uploads\/2024\/01\/Cozinha.svg\" class=\"elementor-animation-shrink attachment-full size-full wp-image-735\" alt=\"Elevadores\" \/><\/figure><div class=\"elementor-image-box-content\"><h4 class=\"elementor-image-box-title\">Elevadores<\/h4><\/div><\/div>\t\t\t\t<\/div>\n\t\t\t\t<\/div>\n\t\t\t\t<div class=\"elementor-element elementor-element-57a40a2 elementor-widget__width-initial elementor-position-top elementor-widget elementor-widget-image-box\" data-id=\"57a40a2\" data-element_type=\"widget\" data-widget_type=\"image-box.default\">\n\t\t\t\t<div class=\"elementor-widget-container\">\n\t\t\t\t\t<div class=\"elementor-image-box-wrapper\"><figure class=\"elementor-image-box-img\"><img loading=\"lazy\" decoding=\"async\" width=\"300\" height=\"300\" src=\"https:\/\/tech-inox.ind.br\/wp-content\/uploads\/2024\/01\/Farmaceutico.svg\" class=\"elementor-animation-shrink attachment-full size-full wp-image-749\" alt=\"Farmaceutico\" \/><\/figure><div class=\"elementor-image-box-content\"><h4 class=\"elementor-image-box-title\">Farmac\u00eautica<\/h4><\/div><\/div>\t\t\t\t<\/div>\n\t\t\t\t<\/div>\n\t\t\t\t<div class=\"elementor-element elementor-element-ea4949b elementor-widget__width-initial elementor-position-top elementor-widget elementor-widget-image-box\" data-id=\"ea4949b\" data-element_type=\"widget\" data-widget_type=\"image-box.default\">\n\t\t\t\t<div class=\"elementor-widget-container\">\n\t\t\t\t\t<div class=\"elementor-image-box-wrapper\"><figure class=\"elementor-image-box-img\"><img loading=\"lazy\" decoding=\"async\" width=\"300\" height=\"300\" src=\"https:\/\/tech-inox.ind.br\/wp-content\/uploads\/2024\/01\/Hospital.svg\" class=\"elementor-animation-shrink attachment-full size-full wp-image-744\" alt=\"Moveis Hospitalares\" \/><\/figure><div class=\"elementor-image-box-content\"><h5 class=\"elementor-image-box-title\">M\u00f3veis Hospitalares<\/h5><\/div><\/div>\t\t\t\t<\/div>\n\t\t\t\t<\/div>\n\t\t\t\t<div class=\"elementor-element elementor-element-a56910f elementor-widget__width-initial elementor-position-top elementor-widget elementor-widget-image-box\" data-id=\"a56910f\" data-element_type=\"widget\" data-widget_type=\"image-box.default\">\n\t\t\t\t<div class=\"elementor-widget-container\">\n\t\t\t\t\t<div class=\"elementor-image-box-wrapper\"><figure class=\"elementor-image-box-img\"><img loading=\"lazy\" decoding=\"async\" width=\"300\" height=\"300\" src=\"https:\/\/tech-inox.ind.br\/wp-content\/uploads\/2024\/01\/Moveleiro.svg\" class=\"elementor-animation-shrink attachment-full size-full wp-image-745\" alt=\"Moveleiro\" \/><\/figure><div class=\"elementor-image-box-content\"><h4 class=\"elementor-image-box-title\">Moveleiro<\/h4><\/div><\/div>\t\t\t\t<\/div>\n\t\t\t\t<\/div>\n\t\t\t\t<div class=\"elementor-element elementor-element-ccdd521 elementor-widget__width-initial elementor-position-top elementor-widget elementor-widget-image-box\" data-id=\"ccdd521\" data-element_type=\"widget\" data-widget_type=\"image-box.default\">\n\t\t\t\t<div class=\"elementor-widget-container\">\n\t\t\t\t\t<div class=\"elementor-image-box-wrapper\"><figure class=\"elementor-image-box-img\"><img loading=\"lazy\" decoding=\"async\" width=\"300\" height=\"300\" src=\"https:\/\/tech-inox.ind.br\/wp-content\/uploads\/2024\/01\/Arquitetura.svg\" class=\"elementor-animation-shrink attachment-full size-full wp-image-750\" alt=\"Arquitetura e Urbanismo\" \/><\/figure><div class=\"elementor-image-box-content\"><h5 class=\"elementor-image-box-title\">Arquitetura e Urbanismo<\/h5><\/div><\/div>\t\t\t\t<\/div>\n\t\t\t\t<\/div>\n\t\t\t\t<div class=\"elementor-element elementor-element-5ccbbfd elementor-widget__width-initial elementor-position-top elementor-widget elementor-widget-image-box\" data-id=\"5ccbbfd\" data-element_type=\"widget\" data-widget_type=\"image-box.default\">\n\t\t\t\t<div class=\"elementor-widget-container\">\n\t\t\t\t\t<div class=\"elementor-image-box-wrapper\"><figure class=\"elementor-image-box-img\"><img loading=\"lazy\" decoding=\"async\" width=\"300\" height=\"300\" src=\"https:\/\/tech-inox.ind.br\/wp-content\/uploads\/2024\/01\/Naval.svg\" class=\"elementor-animation-shrink attachment-full size-full wp-image-746\" alt=\"\" \/><\/figure><div class=\"elementor-image-box-content\"><h5 class=\"elementor-image-box-title\">Naval<\/h5><\/div><\/div>\t\t\t\t<\/div>\n\t\t\t\t<\/div>\n\t\t\t\t<div class=\"elementor-element elementor-element-e5b4fa5 elementor-widget__width-initial elementor-position-top elementor-widget elementor-widget-image-box\" data-id=\"e5b4fa5\" data-element_type=\"widget\" data-widget_type=\"image-box.default\">\n\t\t\t\t<div class=\"elementor-widget-container\">\n\t\t\t\t\t<div class=\"elementor-image-box-wrapper\"><figure class=\"elementor-image-box-img\"><img loading=\"lazy\" decoding=\"async\" width=\"300\" height=\"300\" src=\"https:\/\/tech-inox.ind.br\/wp-content\/uploads\/2024\/01\/Papel.svg\" class=\"elementor-animation-shrink attachment-full size-full wp-image-973\" alt=\"Papel e Celulose\" \/><\/figure><div class=\"elementor-image-box-content\"><h4 class=\"elementor-image-box-title\">Papel e Celulose<\/h4><\/div><\/div>\t\t\t\t<\/div>\n\t\t\t\t<\/div>\n\t\t\t\t<div class=\"elementor-element elementor-element-f72d162 elementor-widget__width-initial elementor-position-top elementor-widget elementor-widget-image-box\" data-id=\"f72d162\" data-element_type=\"widget\" data-widget_type=\"image-box.default\">\n\t\t\t\t<div class=\"elementor-widget-container\">\n\t\t\t\t\t<div class=\"elementor-image-box-wrapper\"><figure class=\"elementor-image-box-img\"><img loading=\"lazy\" decoding=\"async\" width=\"300\" height=\"300\" src=\"https:\/\/tech-inox.ind.br\/wp-content\/uploads\/2024\/01\/Petroleo.svg\" class=\"elementor-animation-shrink attachment-full size-full wp-image-738\" alt=\"Petroleo\" \/><\/figure><div class=\"elementor-image-box-content\"><h4 class=\"elementor-image-box-title\">Petr\u00f3leo e G\u00e1s<\/h4><\/div><\/div>\t\t\t\t<\/div>\n\t\t\t\t<\/div>\n\t\t\t\t<div class=\"elementor-element elementor-element-6506c26 elementor-widget__width-initial elementor-position-top elementor-widget elementor-widget-image-box\" data-id=\"6506c26\" data-element_type=\"widget\" data-widget_type=\"image-box.default\">\n\t\t\t\t<div class=\"elementor-widget-container\">\n\t\t\t\t\t<div class=\"elementor-image-box-wrapper\"><figure class=\"elementor-image-box-img\"><img loading=\"lazy\" decoding=\"async\" width=\"300\" height=\"300\" src=\"https:\/\/tech-inox.ind.br\/wp-content\/uploads\/2024\/01\/Sucroalcooleiro.svg\" class=\"elementor-animation-shrink attachment-full size-full wp-image-748\" alt=\"Sucroalcooleiro\" \/><\/figure><div class=\"elementor-image-box-content\"><h4 class=\"elementor-image-box-title\">Sucroalcooleiro<\/h4><\/div><\/div>\t\t\t\t<\/div>\n\t\t\t\t<\/div>\n\t\t\t\t<\/div>\n\t\t\t\t<\/div>\n\t\t","protected":false},"excerpt":{"rendered":"<p>Chapas Na Tech-Inox voc\u00ea encontra uma ampla linha de chapas de a\u00e7o inox: lisas ou com PVC, polidas, escovadas, perfuradas, xadrez e recalcadas. Al\u00e9m da chapa em a\u00e7o inox 304, voc\u00ea encontra chapas nas ligas&nbsp; 304L, 316, 316L e 430. Solicitar Cota\u00e7\u00e3o Conhe\u00e7a Nossos Produtos Bobinas Cantoneiras Tubos Barras Pe\u00e7a sua cota\u00e7\u00e3o Conosco!&nbsp; Estamos aqui [&hellip;]<\/p>\n","protected":false},"author":1,"featured_media":0,"parent":0,"menu_order":0,"comment_status":"closed","ping_status":"closed","template":"page-templates\/fullwidth-content.php","meta":{"om_disable_all_campaigns":false,"_monsterinsights_skip_tracking":false,"_monsterinsights_sitenote_active":false,"_monsterinsights_sitenote_note":"","_monsterinsights_sitenote_category":0,"footnotes":""},"class_list":["post-236","page","type-page","status-publish","hentry"],"aioseo_notices":[],"_links":{"self":[{"href":"https:\/\/tech-inox.ind.br\/index.php\/wp-json\/wp\/v2\/pages\/236","targetHints":{"allow":["GET"]}}],"collection":[{"href":"https:\/\/tech-inox.ind.br\/index.php\/wp-json\/wp\/v2\/pages"}],"about":[{"href":"https:\/\/tech-inox.ind.br\/index.php\/wp-json\/wp\/v2\/types\/page"}],"author":[{"embeddable":true,"href":"https:\/\/tech-inox.ind.br\/index.php\/wp-json\/wp\/v2\/users\/1"}],"replies":[{"embeddable":true,"href":"https:\/\/tech-inox.ind.br\/index.php\/wp-json\/wp\/v2\/comments?post=236"}],"version-history":[{"count":91,"href":"https:\/\/tech-inox.ind.br\/index.php\/wp-json\/wp\/v2\/pages\/236\/revisions"}],"predecessor-version":[{"id":1154,"href":"https:\/\/tech-inox.ind.br\/index.php\/wp-json\/wp\/v2\/pages\/236\/revisions\/1154"}],"wp:attachment":[{"href":"https:\/\/tech-inox.ind.br\/index.php\/wp-json\/wp\/v2\/media?parent=236"}],"curies":[{"name":"wp","href":"https:\/\/api.w.org\/{rel}","templated":true}]}}