{"id":235,"date":"2023-12-20T13:33:03","date_gmt":"2023-12-20T16:33:03","guid":{"rendered":"http:\/\/tech-inox.ind.br\/?page_id=235"},"modified":"2024-12-06T15:35:55","modified_gmt":"2024-12-06T18:35:55","slug":"sobre-nos","status":"publish","type":"page","link":"https:\/\/tech-inox.ind.br\/index.php\/sobre-nos\/","title":{"rendered":"Sobre N\u00f3s"},"content":{"rendered":"\t\t<div data-elementor-type=\"wp-page\" data-elementor-id=\"235\" class=\"elementor elementor-235\" data-elementor-post-type=\"page\">\n\t\t\t\t<div class=\"elementor-element elementor-element-347d894 e-con-full e-flex e-con e-parent\" data-id=\"347d894\" data-element_type=\"container\">\n\t\t<div class=\"elementor-element elementor-element-b829807 e-con-full e-flex e-con e-child\" data-id=\"b829807\" data-element_type=\"container\" data-settings=\"{&quot;background_background&quot;:&quot;classic&quot;}\">\n\t\t<div class=\"elementor-element elementor-element-77958d1 e-con-full e-flex e-con e-child\" data-id=\"77958d1\" data-element_type=\"container\">\n\t\t\t\t<div class=\"elementor-element elementor-element-ea86764 elementor-widget elementor-widget-heading\" data-id=\"ea86764\" data-element_type=\"widget\" data-widget_type=\"heading.default\">\n\t\t\t\t<div class=\"elementor-widget-container\">\n\t\t\t\t\t<h2 class=\"elementor-heading-title elementor-size-default\">Sobre N\u00f3s<\/h2>\t\t\t\t<\/div>\n\t\t\t\t<\/div>\n\t\t\t\t<div class=\"elementor-element elementor-element-5f717f8 elementor-widget elementor-widget-heading\" data-id=\"5f717f8\" data-element_type=\"widget\" data-widget_type=\"heading.default\">\n\t\t\t\t<div class=\"elementor-widget-container\">\n\t\t\t\t\t<h5 class=\"elementor-heading-title elementor-size-default\">Inova\u00e7\u00e3o em A\u00e7o Inoxid\u00e1vel,\nExcel\u00eancia e Compromisso Profissional.<\/h5>\t\t\t\t<\/div>\n\t\t\t\t<\/div>\n\t\t\t\t<div class=\"elementor-element elementor-element-16166a1 elementor-widget elementor-widget-text-editor\" data-id=\"16166a1\" data-element_type=\"widget\" data-widget_type=\"text-editor.default\">\n\t\t\t\t<div class=\"elementor-widget-container\">\n\t\t\t\t\t\t\t\t\t<p>Na Tech-Inox, nossa trajet\u00f3ria de mais de uma d\u00e9cada \u00e9 pautada pela busca incessante da excel\u00eancia.<\/p>\n<p>Como l\u00edderes do fornecimento de a\u00e7o inoxid\u00e1vel do sul do Brasil, nos destacamos pela combina\u00e7\u00e3o de experi\u00eancia s\u00f3lida e inova\u00e7\u00e3o cont\u00ednua.&nbsp;Como importadores e estoque pr\u00f3prio, oferecemos produtos de qualidade.<\/p>\n<p>Atendendo todo o mercado nacional com frota pr\u00f3pria, o Grupo \u00e9 refer\u00eancia na distribui\u00e7\u00e3o de chapas, barras, tubos, cantoneiras e bobinas em a\u00e7o inox, visando al\u00e9m das expectativas e proporcionando solu\u00e7\u00f5es personalizadas e duradouras, para atender \u00e0s demandas mais exigentes do mercado.<\/p>\t\t\t\t\t\t\t\t<\/div>\n\t\t\t\t<\/div>\n\t\t\t\t<\/div>\n\t\t<div class=\"elementor-element elementor-element-b6026ee e-con-full e-flex e-con e-child\" data-id=\"b6026ee\" data-element_type=\"container\">\n\t\t\t\t<div class=\"elementor-element elementor-element-8520f84 elementor-widget elementor-widget-image\" data-id=\"8520f84\" data-element_type=\"widget\" data-widget_type=\"image.default\">\n\t\t\t\t<div class=\"elementor-widget-container\">\n\t\t\t\t\t\t\t\t\t\t\t\t\t\t\t<img fetchpriority=\"high\" decoding=\"async\" width=\"1170\" height=\"650\" src=\"https:\/\/tech-inox.ind.br\/wp-content\/uploads\/2024\/01\/Fachada-1-1170x650.png\" class=\"attachment-kava-thumb-l size-kava-thumb-l wp-image-1129\" alt=\"Fachada\" \/>\t\t\t\t\t\t\t\t\t\t\t\t\t\t\t<\/div>\n\t\t\t\t<\/div>\n\t\t\t\t<\/div>\n\t\t\t\t<\/div>\n\t\t\t\t<\/div>\n\t\t<div class=\"elementor-element elementor-element-43c929c e-con-full e-flex e-con e-parent\" data-id=\"43c929c\" data-element_type=\"container\" data-settings=\"{&quot;background_background&quot;:&quot;classic&quot;}\">\n\t\t<div class=\"elementor-element elementor-element-36f1df2 e-con-full e-flex e-con e-child\" data-id=\"36f1df2\" data-element_type=\"container\">\n\t\t\t\t<div class=\"elementor-element elementor-element-473ce8a elementor-view-default elementor-position-block-start elementor-mobile-position-block-start elementor-widget elementor-widget-icon-box\" data-id=\"473ce8a\" data-element_type=\"widget\" data-widget_type=\"icon-box.default\">\n\t\t\t\t<div class=\"elementor-widget-container\">\n\t\t\t\t\t\t\t<div class=\"elementor-icon-box-wrapper\">\n\n\t\t\t\t\t\t<div class=\"elementor-icon-box-icon\">\n\t\t\t\t<span  class=\"elementor-icon\">\n\t\t\t\t<i aria-hidden=\"true\" class=\"far fa-star\"><\/i>\t\t\t\t<\/span>\n\t\t\t<\/div>\n\t\t\t\n\t\t\t\t\t\t<div class=\"elementor-icon-box-content\">\n\n\t\t\t\t\t\t\t\t\t<h3 class=\"elementor-icon-box-title\">\n\t\t\t\t\t\t<span  >\n\t\t\t\t\t\t\tMiss\u00e3o\t\t\t\t\t\t<\/span>\n\t\t\t\t\t<\/h3>\n\t\t\t\t\n\t\t\t\t\t\t\t\t\t<p class=\"elementor-icon-box-description\">\n\t\t\t\t\t\tFornecer a\u00e7o inox de qualidade superior, com atendimento personalizado, promovendo durabilidade e contribuindo para o desenvolvimento dos neg\u00f3cios.\t\t\t\t\t<\/p>\n\t\t\t\t\n\t\t\t<\/div>\n\t\t\t\n\t\t<\/div>\n\t\t\t\t\t\t<\/div>\n\t\t\t\t<\/div>\n\t\t\t\t<\/div>\n\t\t<div class=\"elementor-element elementor-element-4540c06 e-con-full e-flex e-con e-child\" data-id=\"4540c06\" data-element_type=\"container\">\n\t\t\t\t<div class=\"elementor-element elementor-element-b49f3fc elementor-view-default elementor-position-block-start elementor-mobile-position-block-start elementor-widget elementor-widget-icon-box\" data-id=\"b49f3fc\" data-element_type=\"widget\" data-widget_type=\"icon-box.default\">\n\t\t\t\t<div class=\"elementor-widget-container\">\n\t\t\t\t\t\t\t<div class=\"elementor-icon-box-wrapper\">\n\n\t\t\t\t\t\t<div class=\"elementor-icon-box-icon\">\n\t\t\t\t<span  class=\"elementor-icon\">\n\t\t\t\t<i aria-hidden=\"true\" class=\"far fa-eye\"><\/i>\t\t\t\t<\/span>\n\t\t\t<\/div>\n\t\t\t\n\t\t\t\t\t\t<div class=\"elementor-icon-box-content\">\n\n\t\t\t\t\t\t\t\t\t<h3 class=\"elementor-icon-box-title\">\n\t\t\t\t\t\t<span  >\n\t\t\t\t\t\t\tVis\u00e3o\t\t\t\t\t\t<\/span>\n\t\t\t\t\t<\/h3>\n\t\t\t\t\n\t\t\t\t\t\t\t\t\t<p class=\"elementor-icon-box-description\">\n\t\t\t\t\t\tSer a distribuidora l\u00edder em a\u00e7o inox, oferecendo solu\u00e7\u00f5es de alta qualidade e impulsionando o sucesso sustent\u00e1vel de nossos clientes.\t\t\t\t\t<\/p>\n\t\t\t\t\n\t\t\t<\/div>\n\t\t\t\n\t\t<\/div>\n\t\t\t\t\t\t<\/div>\n\t\t\t\t<\/div>\n\t\t\t\t<\/div>\n\t\t<div class=\"elementor-element elementor-element-02f488e e-con-full e-flex e-con e-child\" data-id=\"02f488e\" data-element_type=\"container\">\n\t\t\t\t<div class=\"elementor-element elementor-element-96898b0 elementor-view-default elementor-position-block-start elementor-mobile-position-block-start elementor-widget elementor-widget-icon-box\" data-id=\"96898b0\" data-element_type=\"widget\" data-widget_type=\"icon-box.default\">\n\t\t\t\t<div class=\"elementor-widget-container\">\n\t\t\t\t\t\t\t<div class=\"elementor-icon-box-wrapper\">\n\n\t\t\t\t\t\t<div class=\"elementor-icon-box-icon\">\n\t\t\t\t<span  class=\"elementor-icon\">\n\t\t\t\t<i aria-hidden=\"true\" class=\"fas fa-hand-holding-heart\"><\/i>\t\t\t\t<\/span>\n\t\t\t<\/div>\n\t\t\t\n\t\t\t\t\t\t<div class=\"elementor-icon-box-content\">\n\n\t\t\t\t\t\t\t\t\t<h3 class=\"elementor-icon-box-title\">\n\t\t\t\t\t\t<span  >\n\t\t\t\t\t\t\tValores\t\t\t\t\t\t<\/span>\n\t\t\t\t\t<\/h3>\n\t\t\t\t\n\t\t\t\t\t\t\t\t\t<p class=\"elementor-icon-box-description\">\n\t\t\t\t\t\t- Qualidade;\n- Atendimento Personalizado;\n- Sustentabilidade;\n- Inova\u00e7\u00e3o;.\n- Integridade e \u00c9tica;\t\t\t\t\t<\/p>\n\t\t\t\t\n\t\t\t<\/div>\n\t\t\t\n\t\t<\/div>\n\t\t\t\t\t\t<\/div>\n\t\t\t\t<\/div>\n\t\t\t\t<\/div>\n\t\t\t\t<\/div>\n\t\t\t\t<\/div>\n\t\t","protected":false},"excerpt":{"rendered":"<p>Sobre N\u00f3s Inova\u00e7\u00e3o em A\u00e7o Inoxid\u00e1vel, Excel\u00eancia e Compromisso Profissional. Na Tech-Inox, nossa trajet\u00f3ria de mais de uma d\u00e9cada \u00e9 pautada pela busca incessante da excel\u00eancia. Como l\u00edderes do fornecimento de a\u00e7o inoxid\u00e1vel do sul do Brasil, nos destacamos pela combina\u00e7\u00e3o de experi\u00eancia s\u00f3lida e inova\u00e7\u00e3o cont\u00ednua.&nbsp;Como importadores e estoque pr\u00f3prio, oferecemos produtos de qualidade. [&hellip;]<\/p>\n","protected":false},"author":1,"featured_media":0,"parent":0,"menu_order":0,"comment_status":"closed","ping_status":"closed","template":"page-templates\/fullwidth-content.php","meta":{"om_disable_all_campaigns":false,"_monsterinsights_skip_tracking":false,"_monsterinsights_sitenote_active":false,"_monsterinsights_sitenote_note":"","_monsterinsights_sitenote_category":0,"footnotes":""},"class_list":["post-235","page","type-page","status-publish","hentry"],"aioseo_notices":[],"_links":{"self":[{"href":"https:\/\/tech-inox.ind.br\/index.php\/wp-json\/wp\/v2\/pages\/235","targetHints":{"allow":["GET"]}}],"collection":[{"href":"https:\/\/tech-inox.ind.br\/index.php\/wp-json\/wp\/v2\/pages"}],"about":[{"href":"https:\/\/tech-inox.ind.br\/index.php\/wp-json\/wp\/v2\/types\/page"}],"author":[{"embeddable":true,"href":"https:\/\/tech-inox.ind.br\/index.php\/wp-json\/wp\/v2\/users\/1"}],"replies":[{"embeddable":true,"href":"https:\/\/tech-inox.ind.br\/index.php\/wp-json\/wp\/v2\/comments?post=235"}],"version-history":[{"count":22,"href":"https:\/\/tech-inox.ind.br\/index.php\/wp-json\/wp\/v2\/pages\/235\/revisions"}],"predecessor-version":[{"id":1176,"href":"https:\/\/tech-inox.ind.br\/index.php\/wp-json\/wp\/v2\/pages\/235\/revisions\/1176"}],"wp:attachment":[{"href":"https:\/\/tech-inox.ind.br\/index.php\/wp-json\/wp\/v2\/media?parent=235"}],"curies":[{"name":"wp","href":"https:\/\/api.w.org\/{rel}","templated":true}]}}