{"id":14,"date":"2023-12-20T12:57:18","date_gmt":"2023-12-20T15:57:18","guid":{"rendered":"http:\/\/tech-inox.ind.br\/?page_id=14"},"modified":"2024-12-06T15:37:28","modified_gmt":"2024-12-06T18:37:28","slug":"produtos","status":"publish","type":"page","link":"https:\/\/tech-inox.ind.br\/index.php\/produtos\/","title":{"rendered":"Produtos"},"content":{"rendered":"\t\t<div data-elementor-type=\"wp-page\" data-elementor-id=\"14\" class=\"elementor elementor-14\" data-elementor-post-type=\"page\">\n\t\t\t\t<div class=\"elementor-element elementor-element-fcbcfbe e-con-full e-flex e-con e-parent\" data-id=\"fcbcfbe\" data-element_type=\"container\" data-settings=\"{&quot;background_background&quot;:&quot;classic&quot;}\">\n\t\t\t\t<div class=\"elementor-element elementor-element-e6d37a3 elementor-widget__width-inherit elementor-widget elementor-widget-heading\" data-id=\"e6d37a3\" data-element_type=\"widget\" data-widget_type=\"heading.default\">\n\t\t\t\t<div class=\"elementor-widget-container\">\n\t\t\t\t\t<h3 class=\"elementor-heading-title elementor-size-default\">Conhe\u00e7a Nossos Produtos<\/h3>\t\t\t\t<\/div>\n\t\t\t\t<\/div>\n\t\t\t\t<\/div>\n\t\t<div class=\"elementor-element elementor-element-3ca3681 e-con-full e-flex e-con e-parent\" data-id=\"3ca3681\" data-element_type=\"container\" data-settings=\"{&quot;background_background&quot;:&quot;classic&quot;}\">\n\t\t\t\t<div class=\"elementor-element elementor-element-72585d3 elementor-widget__width-initial elementor-position-top elementor-widget elementor-widget-image-box\" data-id=\"72585d3\" data-element_type=\"widget\" data-widget_type=\"image-box.default\">\n\t\t\t\t<div class=\"elementor-widget-container\">\n\t\t\t\t\t<div class=\"elementor-image-box-wrapper\"><figure class=\"elementor-image-box-img\"><a href=\"https:\/\/tech-inox.ind.br\/index.php\/bobinas\/\" tabindex=\"-1\"><img fetchpriority=\"high\" decoding=\"async\" width=\"300\" height=\"300\" src=\"https:\/\/tech-inox.ind.br\/wp-content\/uploads\/2024\/01\/5.svg\" class=\"elementor-animation-shrink attachment-full size-full wp-image-705\" alt=\"Bobinas de Inox\" \/><\/a><\/figure><div class=\"elementor-image-box-content\"><h3 class=\"elementor-image-box-title\"><a href=\"https:\/\/tech-inox.ind.br\/index.php\/bobinas\/\">Bobinas<\/a><\/h3><\/div><\/div>\t\t\t\t<\/div>\n\t\t\t\t<\/div>\n\t\t\t\t<div class=\"elementor-element elementor-element-b855c1e elementor-widget__width-initial elementor-position-top elementor-widget elementor-widget-image-box\" data-id=\"b855c1e\" data-element_type=\"widget\" data-widget_type=\"image-box.default\">\n\t\t\t\t<div class=\"elementor-widget-container\">\n\t\t\t\t\t<div class=\"elementor-image-box-wrapper\"><figure class=\"elementor-image-box-img\"><a href=\"https:\/\/tech-inox.ind.br\/index.php\/chapa\/\" tabindex=\"-1\"><img decoding=\"async\" width=\"300\" height=\"300\" src=\"https:\/\/tech-inox.ind.br\/wp-content\/uploads\/2024\/01\/4.svg\" class=\"elementor-animation-shrink attachment-full size-full wp-image-704\" alt=\"Chapas de Inox\" \/><\/a><\/figure><div class=\"elementor-image-box-content\"><h3 class=\"elementor-image-box-title\"><a href=\"https:\/\/tech-inox.ind.br\/index.php\/chapa\/\">Chapas<\/a><\/h3><\/div><\/div>\t\t\t\t<\/div>\n\t\t\t\t<\/div>\n\t\t\t\t<div class=\"elementor-element elementor-element-83b1cc9 elementor-widget__width-initial elementor-position-top elementor-widget elementor-widget-image-box\" data-id=\"83b1cc9\" data-element_type=\"widget\" data-widget_type=\"image-box.default\">\n\t\t\t\t<div class=\"elementor-widget-container\">\n\t\t\t\t\t<div class=\"elementor-image-box-wrapper\"><figure class=\"elementor-image-box-img\"><a href=\"https:\/\/tech-inox.ind.br\/index.php\/cantoneiras\/\" tabindex=\"-1\"><img decoding=\"async\" width=\"300\" height=\"300\" src=\"https:\/\/tech-inox.ind.br\/wp-content\/uploads\/2024\/01\/3.svg\" class=\"elementor-animation-shrink attachment-full size-full wp-image-703\" alt=\"Cantoneiras de Inox\" \/><\/a><\/figure><div class=\"elementor-image-box-content\"><h3 class=\"elementor-image-box-title\"><a href=\"https:\/\/tech-inox.ind.br\/index.php\/cantoneiras\/\">Cantoneiras<\/a><\/h3><\/div><\/div>\t\t\t\t<\/div>\n\t\t\t\t<\/div>\n\t\t\t\t<div class=\"elementor-element elementor-element-5a4624c elementor-widget__width-initial elementor-position-top elementor-widget elementor-widget-image-box\" data-id=\"5a4624c\" data-element_type=\"widget\" data-widget_type=\"image-box.default\">\n\t\t\t\t<div class=\"elementor-widget-container\">\n\t\t\t\t\t<div class=\"elementor-image-box-wrapper\"><figure class=\"elementor-image-box-img\"><a href=\"https:\/\/tech-inox.ind.br\/index.php\/tubos\/\" tabindex=\"-1\"><img loading=\"lazy\" decoding=\"async\" width=\"300\" height=\"300\" src=\"https:\/\/tech-inox.ind.br\/wp-content\/uploads\/2024\/01\/1.svg\" class=\"elementor-animation-shrink attachment-full size-full wp-image-701\" alt=\"Tubos de Inox\" \/><\/a><\/figure><div class=\"elementor-image-box-content\"><h3 class=\"elementor-image-box-title\"><a href=\"https:\/\/tech-inox.ind.br\/index.php\/tubos\/\">Tubos<\/a><\/h3><\/div><\/div>\t\t\t\t<\/div>\n\t\t\t\t<\/div>\n\t\t\t\t<div class=\"elementor-element elementor-element-ad2aa39 elementor-widget__width-initial elementor-position-top elementor-widget elementor-widget-image-box\" data-id=\"ad2aa39\" data-element_type=\"widget\" data-widget_type=\"image-box.default\">\n\t\t\t\t<div class=\"elementor-widget-container\">\n\t\t\t\t\t<div class=\"elementor-image-box-wrapper\"><figure class=\"elementor-image-box-img\"><a href=\"https:\/\/tech-inox.ind.br\/index.php\/barras\/\" tabindex=\"-1\"><img loading=\"lazy\" decoding=\"async\" width=\"300\" height=\"300\" src=\"https:\/\/tech-inox.ind.br\/wp-content\/uploads\/2024\/01\/2.svg\" class=\"elementor-animation-shrink attachment-full size-full wp-image-702\" alt=\"Barras de Inox\" \/><\/a><\/figure><div class=\"elementor-image-box-content\"><h3 class=\"elementor-image-box-title\"><a href=\"https:\/\/tech-inox.ind.br\/index.php\/barras\/\">Barras<\/a><\/h3><\/div><\/div>\t\t\t\t<\/div>\n\t\t\t\t<\/div>\n\t\t\t\t<\/div>\n\t\t<div class=\"elementor-element elementor-element-ce61215 e-con-full e-flex e-con e-parent\" data-id=\"ce61215\" data-element_type=\"container\">\n\t\t\t\t<div class=\"elementor-element elementor-element-88eb9d9 elementor-widget elementor-widget-heading\" data-id=\"88eb9d9\" data-element_type=\"widget\" data-widget_type=\"heading.default\">\n\t\t\t\t<div class=\"elementor-widget-container\">\n\t\t\t\t\t<h2 class=\"elementor-heading-title elementor-size-default\">Segmentos<\/h2>\t\t\t\t<\/div>\n\t\t\t\t<\/div>\n\t\t\t\t<\/div>\n\t\t<div class=\"elementor-element elementor-element-107ceb6 e-con-full e-flex e-con e-parent\" data-id=\"107ceb6\" data-element_type=\"container\" data-settings=\"{&quot;background_background&quot;:&quot;classic&quot;}\">\n\t\t\t\t<div class=\"elementor-element elementor-element-be11a50 elementor-widget__width-initial elementor-position-top elementor-widget elementor-widget-image-box\" data-id=\"be11a50\" data-element_type=\"widget\" data-widget_type=\"image-box.default\">\n\t\t\t\t<div class=\"elementor-widget-container\">\n\t\t\t\t\t<div class=\"elementor-image-box-wrapper\"><figure class=\"elementor-image-box-img\"><img loading=\"lazy\" decoding=\"async\" width=\"300\" height=\"300\" src=\"https:\/\/tech-inox.ind.br\/wp-content\/uploads\/2024\/01\/Alimenticio.svg\" class=\"elementor-animation-grow attachment-full size-full wp-image-730\" alt=\"Segmento Aliment\u00edcio\" \/><\/figure><div class=\"elementor-image-box-content\"><h4 class=\"elementor-image-box-title\">Aliment\u00edcio<\/h4><\/div><\/div>\t\t\t\t<\/div>\n\t\t\t\t<\/div>\n\t\t\t\t<div class=\"elementor-element elementor-element-b27f443 elementor-widget__width-initial elementor-position-top elementor-widget elementor-widget-image-box\" data-id=\"b27f443\" data-element_type=\"widget\" data-widget_type=\"image-box.default\">\n\t\t\t\t<div class=\"elementor-widget-container\">\n\t\t\t\t\t<div class=\"elementor-image-box-wrapper\"><figure class=\"elementor-image-box-img\"><img loading=\"lazy\" decoding=\"async\" width=\"300\" height=\"300\" src=\"https:\/\/tech-inox.ind.br\/wp-content\/uploads\/2024\/01\/Blindagem.svg\" class=\"elementor-animation-shrink attachment-full size-full wp-image-742\" alt=\"Blindagem\" \/><\/figure><div class=\"elementor-image-box-content\"><h4 class=\"elementor-image-box-title\">Blindagem<\/h4><\/div><\/div>\t\t\t\t<\/div>\n\t\t\t\t<\/div>\n\t\t\t\t<div class=\"elementor-element elementor-element-d9006ba elementor-widget__width-initial elementor-position-top elementor-widget elementor-widget-image-box\" data-id=\"d9006ba\" data-element_type=\"widget\" data-widget_type=\"image-box.default\">\n\t\t\t\t<div class=\"elementor-widget-container\">\n\t\t\t\t\t<div class=\"elementor-image-box-wrapper\"><figure class=\"elementor-image-box-img\"><img loading=\"lazy\" decoding=\"async\" width=\"300\" height=\"300\" src=\"https:\/\/tech-inox.ind.br\/wp-content\/uploads\/2024\/01\/Construcao.svg\" class=\"elementor-animation-shrink attachment-full size-full wp-image-743\" alt=\"Constru\u00e7\u00e3o Civil\" \/><\/figure><div class=\"elementor-image-box-content\"><h4 class=\"elementor-image-box-title\">Constru\u00e7\u00e3o Civil<\/h4><\/div><\/div>\t\t\t\t<\/div>\n\t\t\t\t<\/div>\n\t\t\t\t<div class=\"elementor-element elementor-element-5fef006 elementor-widget__width-initial elementor-position-top elementor-widget elementor-widget-image-box\" data-id=\"5fef006\" data-element_type=\"widget\" data-widget_type=\"image-box.default\">\n\t\t\t\t<div class=\"elementor-widget-container\">\n\t\t\t\t\t<div class=\"elementor-image-box-wrapper\"><figure class=\"elementor-image-box-img\"><img loading=\"lazy\" decoding=\"async\" width=\"300\" height=\"300\" src=\"https:\/\/tech-inox.ind.br\/wp-content\/uploads\/2024\/01\/Cozinha-1.svg\" class=\"elementor-animation-shrink attachment-full size-full wp-image-737\" alt=\"Cozinha\" \/><\/figure><div class=\"elementor-image-box-content\"><h5 class=\"elementor-image-box-title\">Cozinha Industrial<\/h5><\/div><\/div>\t\t\t\t<\/div>\n\t\t\t\t<\/div>\n\t\t\t\t<div class=\"elementor-element elementor-element-d9b4f6b elementor-widget__width-initial elementor-position-top elementor-widget elementor-widget-image-box\" data-id=\"d9b4f6b\" data-element_type=\"widget\" data-widget_type=\"image-box.default\">\n\t\t\t\t<div class=\"elementor-widget-container\">\n\t\t\t\t\t<div class=\"elementor-image-box-wrapper\"><figure class=\"elementor-image-box-img\"><img loading=\"lazy\" decoding=\"async\" width=\"300\" height=\"300\" src=\"https:\/\/tech-inox.ind.br\/wp-content\/uploads\/2024\/01\/Cozinha.svg\" class=\"elementor-animation-shrink attachment-full size-full wp-image-735\" alt=\"Elevadores\" \/><\/figure><div class=\"elementor-image-box-content\"><h4 class=\"elementor-image-box-title\">Elevadores<\/h4><\/div><\/div>\t\t\t\t<\/div>\n\t\t\t\t<\/div>\n\t\t\t\t<div class=\"elementor-element elementor-element-b8325c7 elementor-widget__width-initial elementor-position-top elementor-widget elementor-widget-image-box\" data-id=\"b8325c7\" data-element_type=\"widget\" data-widget_type=\"image-box.default\">\n\t\t\t\t<div class=\"elementor-widget-container\">\n\t\t\t\t\t<div class=\"elementor-image-box-wrapper\"><figure class=\"elementor-image-box-img\"><img loading=\"lazy\" decoding=\"async\" width=\"300\" height=\"300\" src=\"https:\/\/tech-inox.ind.br\/wp-content\/uploads\/2024\/01\/Farmaceutico.svg\" class=\"elementor-animation-shrink attachment-full size-full wp-image-749\" alt=\"Farmaceutico\" \/><\/figure><div class=\"elementor-image-box-content\"><h4 class=\"elementor-image-box-title\">Farmac\u00eautica<\/h4><\/div><\/div>\t\t\t\t<\/div>\n\t\t\t\t<\/div>\n\t\t\t\t<div class=\"elementor-element elementor-element-838fedc elementor-widget__width-initial elementor-position-top elementor-widget elementor-widget-image-box\" data-id=\"838fedc\" data-element_type=\"widget\" data-widget_type=\"image-box.default\">\n\t\t\t\t<div class=\"elementor-widget-container\">\n\t\t\t\t\t<div class=\"elementor-image-box-wrapper\"><figure class=\"elementor-image-box-img\"><img loading=\"lazy\" decoding=\"async\" width=\"300\" height=\"300\" src=\"https:\/\/tech-inox.ind.br\/wp-content\/uploads\/2024\/01\/Hospital.svg\" class=\"elementor-animation-shrink attachment-full size-full wp-image-744\" alt=\"Moveis Hospitalares\" \/><\/figure><div class=\"elementor-image-box-content\"><h5 class=\"elementor-image-box-title\">M\u00f3veis Hospitalares<\/h5><\/div><\/div>\t\t\t\t<\/div>\n\t\t\t\t<\/div>\n\t\t\t\t<div class=\"elementor-element elementor-element-37f81e1 elementor-widget__width-initial elementor-position-top elementor-widget elementor-widget-image-box\" data-id=\"37f81e1\" data-element_type=\"widget\" data-widget_type=\"image-box.default\">\n\t\t\t\t<div class=\"elementor-widget-container\">\n\t\t\t\t\t<div class=\"elementor-image-box-wrapper\"><figure class=\"elementor-image-box-img\"><img loading=\"lazy\" decoding=\"async\" width=\"300\" height=\"300\" src=\"https:\/\/tech-inox.ind.br\/wp-content\/uploads\/2024\/01\/Moveleiro.svg\" class=\"elementor-animation-shrink attachment-full size-full wp-image-745\" alt=\"Moveleiro\" \/><\/figure><div class=\"elementor-image-box-content\"><h4 class=\"elementor-image-box-title\">Moveleiro<\/h4><\/div><\/div>\t\t\t\t<\/div>\n\t\t\t\t<\/div>\n\t\t\t\t<div class=\"elementor-element elementor-element-2c6dd53 elementor-widget__width-initial elementor-position-top elementor-widget elementor-widget-image-box\" data-id=\"2c6dd53\" data-element_type=\"widget\" data-widget_type=\"image-box.default\">\n\t\t\t\t<div class=\"elementor-widget-container\">\n\t\t\t\t\t<div class=\"elementor-image-box-wrapper\"><figure class=\"elementor-image-box-img\"><img loading=\"lazy\" decoding=\"async\" width=\"300\" height=\"300\" src=\"https:\/\/tech-inox.ind.br\/wp-content\/uploads\/2024\/01\/Arquitetura.svg\" class=\"elementor-animation-shrink attachment-full size-full wp-image-750\" alt=\"Arquitetura e Urbanismo\" \/><\/figure><div class=\"elementor-image-box-content\"><h5 class=\"elementor-image-box-title\">Arquitetura e Urbanismo<\/h5><\/div><\/div>\t\t\t\t<\/div>\n\t\t\t\t<\/div>\n\t\t\t\t<div class=\"elementor-element elementor-element-56bac89 elementor-widget__width-initial elementor-position-top elementor-widget elementor-widget-image-box\" data-id=\"56bac89\" data-element_type=\"widget\" data-widget_type=\"image-box.default\">\n\t\t\t\t<div class=\"elementor-widget-container\">\n\t\t\t\t\t<div class=\"elementor-image-box-wrapper\"><figure class=\"elementor-image-box-img\"><img loading=\"lazy\" decoding=\"async\" width=\"300\" height=\"300\" src=\"https:\/\/tech-inox.ind.br\/wp-content\/uploads\/2024\/01\/Naval.svg\" class=\"elementor-animation-shrink attachment-full size-full wp-image-746\" alt=\"\" \/><\/figure><div class=\"elementor-image-box-content\"><h5 class=\"elementor-image-box-title\">Naval<\/h5><\/div><\/div>\t\t\t\t<\/div>\n\t\t\t\t<\/div>\n\t\t\t\t<div class=\"elementor-element elementor-element-47107e7 elementor-widget__width-initial elementor-position-top elementor-widget elementor-widget-image-box\" data-id=\"47107e7\" data-element_type=\"widget\" data-widget_type=\"image-box.default\">\n\t\t\t\t<div class=\"elementor-widget-container\">\n\t\t\t\t\t<div class=\"elementor-image-box-wrapper\"><figure class=\"elementor-image-box-img\"><img loading=\"lazy\" decoding=\"async\" width=\"300\" height=\"300\" src=\"https:\/\/tech-inox.ind.br\/wp-content\/uploads\/2024\/01\/2.svg\" class=\"elementor-animation-shrink attachment-full size-full wp-image-702\" alt=\"Barras de Inox\" \/><\/figure><div class=\"elementor-image-box-content\"><h4 class=\"elementor-image-box-title\">Papel e Celulose<\/h4><\/div><\/div>\t\t\t\t<\/div>\n\t\t\t\t<\/div>\n\t\t\t\t<div class=\"elementor-element elementor-element-23a3a86 elementor-widget__width-initial elementor-position-top elementor-widget elementor-widget-image-box\" data-id=\"23a3a86\" data-element_type=\"widget\" data-widget_type=\"image-box.default\">\n\t\t\t\t<div class=\"elementor-widget-container\">\n\t\t\t\t\t<div class=\"elementor-image-box-wrapper\"><figure class=\"elementor-image-box-img\"><img loading=\"lazy\" decoding=\"async\" width=\"300\" height=\"300\" src=\"https:\/\/tech-inox.ind.br\/wp-content\/uploads\/2024\/01\/Petroleo.svg\" class=\"elementor-animation-shrink attachment-full size-full wp-image-738\" alt=\"Petroleo\" \/><\/figure><div class=\"elementor-image-box-content\"><h4 class=\"elementor-image-box-title\">Petr\u00f3leo e G\u00e1s<\/h4><\/div><\/div>\t\t\t\t<\/div>\n\t\t\t\t<\/div>\n\t\t\t\t<div class=\"elementor-element elementor-element-623bca0 elementor-widget__width-initial elementor-position-top elementor-widget elementor-widget-image-box\" data-id=\"623bca0\" data-element_type=\"widget\" data-widget_type=\"image-box.default\">\n\t\t\t\t<div class=\"elementor-widget-container\">\n\t\t\t\t\t<div class=\"elementor-image-box-wrapper\"><figure class=\"elementor-image-box-img\"><img loading=\"lazy\" decoding=\"async\" width=\"300\" height=\"300\" src=\"https:\/\/tech-inox.ind.br\/wp-content\/uploads\/2024\/01\/Sucroalcooleiro.svg\" class=\"elementor-animation-shrink attachment-full size-full wp-image-748\" alt=\"Sucroalcooleiro\" \/><\/figure><div class=\"elementor-image-box-content\"><h4 class=\"elementor-image-box-title\">Sucroalcooleiro<\/h4><\/div><\/div>\t\t\t\t<\/div>\n\t\t\t\t<\/div>\n\t\t\t\t<\/div>\n\t\t<div class=\"elementor-element elementor-element-85794fc e-con-full e-flex e-con e-parent\" data-id=\"85794fc\" data-element_type=\"container\" data-settings=\"{&quot;background_background&quot;:&quot;classic&quot;}\">\n\t\t<div class=\"elementor-element elementor-element-5bda219 e-con-full e-flex e-con e-child\" data-id=\"5bda219\" data-element_type=\"container\">\n\t\t\t\t<div class=\"elementor-element elementor-element-d333d0a elementor-widget elementor-widget-heading\" data-id=\"d333d0a\" data-element_type=\"widget\" data-widget_type=\"heading.default\">\n\t\t\t\t<div class=\"elementor-widget-container\">\n\t\t\t\t\t<h3 class=\"elementor-heading-title elementor-size-default\">Sobre N\u00f3s<\/h3>\t\t\t\t<\/div>\n\t\t\t\t<\/div>\n\t\t\t\t<div class=\"elementor-element elementor-element-6b28c7b elementor-widget elementor-widget-heading\" data-id=\"6b28c7b\" data-element_type=\"widget\" data-widget_type=\"heading.default\">\n\t\t\t\t<div class=\"elementor-widget-container\">\n\t\t\t\t\t<h5 class=\"elementor-heading-title elementor-size-default\">Inova\u00e7\u00e3o em A\u00e7o Inoxid\u00e1vel,\nExcel\u00eancia e Compromisso Profissional.<\/h5>\t\t\t\t<\/div>\n\t\t\t\t<\/div>\n\t\t\t\t<div class=\"elementor-element elementor-element-7b5981f elementor-widget elementor-widget-text-editor\" data-id=\"7b5981f\" data-element_type=\"widget\" data-widget_type=\"text-editor.default\">\n\t\t\t\t<div class=\"elementor-widget-container\">\n\t\t\t\t\t\t\t\t\t<p>Na Tech-Inox, nossa trajet\u00f3ria de mais de uma d\u00e9cada \u00e9 pautada pela busca incessante da excel\u00eancia.<\/p>\n<p>Como l\u00edderes do fornecimento de a\u00e7o inoxid\u00e1vel do sul do Brasil, nos destacamos pela combina\u00e7\u00e3o de experi\u00eancia s\u00f3lida e inova\u00e7\u00e3o cont\u00ednua.&nbsp;Como importadores e estoque pr\u00f3prio, oferecemos produtos de qualidade.<\/p>\n<p>Atendendo todo o mercado nacional com frota pr\u00f3pria, o Grupo \u00e9 refer\u00eancia na distribui\u00e7\u00e3o de chapas, barras, tubos, cantoneiras e bobinas em a\u00e7o inox, visando al\u00e9m das expectativas e proporcionando solu\u00e7\u00f5es personalizadas e duradouras, para atender \u00e0s demandas mais exigentes do mercado.<\/p>\t\t\t\t\t\t\t\t<\/div>\n\t\t\t\t<\/div>\n\t\t\t\t<\/div>\n\t\t<div class=\"elementor-element elementor-element-c8e09fb e-con-full e-flex e-con e-child\" data-id=\"c8e09fb\" data-element_type=\"container\">\n\t\t\t\t<div class=\"elementor-element elementor-element-4e0393f elementor-widget elementor-widget-image\" data-id=\"4e0393f\" data-element_type=\"widget\" data-widget_type=\"image.default\">\n\t\t\t\t<div class=\"elementor-widget-container\">\n\t\t\t\t\t\t\t\t\t\t\t\t\t\t\t<img loading=\"lazy\" decoding=\"async\" width=\"570\" height=\"450\" src=\"https:\/\/tech-inox.ind.br\/wp-content\/uploads\/2024\/01\/Fachada-1-570x450.png\" class=\"attachment-kava-thumb-m-2 size-kava-thumb-m-2 wp-image-1129\" alt=\"Fachada\" \/>\t\t\t\t\t\t\t\t\t\t\t\t\t\t\t<\/div>\n\t\t\t\t<\/div>\n\t\t\t\t<\/div>\n\t\t\t\t<\/div>\n\t\t\t\t<\/div>\n\t\t","protected":false},"excerpt":{"rendered":"<p>Conhe\u00e7a Nossos Produtos Bobinas Chapas Cantoneiras Tubos Barras Segmentos Aliment\u00edcio Blindagem Constru\u00e7\u00e3o Civil Cozinha Industrial Elevadores Farmac\u00eautica M\u00f3veis Hospitalares Moveleiro Arquitetura e Urbanismo Naval Papel e Celulose Petr\u00f3leo e G\u00e1s Sucroalcooleiro Sobre N\u00f3s Inova\u00e7\u00e3o em A\u00e7o Inoxid\u00e1vel, Excel\u00eancia e Compromisso Profissional. Na Tech-Inox, nossa trajet\u00f3ria de mais de uma d\u00e9cada \u00e9 pautada pela busca incessante [&hellip;]<\/p>\n","protected":false},"author":1,"featured_media":0,"parent":0,"menu_order":0,"comment_status":"closed","ping_status":"closed","template":"page-templates\/fullwidth-content.php","meta":{"om_disable_all_campaigns":false,"_monsterinsights_skip_tracking":false,"_monsterinsights_sitenote_active":false,"_monsterinsights_sitenote_note":"","_monsterinsights_sitenote_category":0,"footnotes":""},"class_list":["post-14","page","type-page","status-publish","hentry"],"aioseo_notices":[],"_links":{"self":[{"href":"https:\/\/tech-inox.ind.br\/index.php\/wp-json\/wp\/v2\/pages\/14","targetHints":{"allow":["GET"]}}],"collection":[{"href":"https:\/\/tech-inox.ind.br\/index.php\/wp-json\/wp\/v2\/pages"}],"about":[{"href":"https:\/\/tech-inox.ind.br\/index.php\/wp-json\/wp\/v2\/types\/page"}],"author":[{"embeddable":true,"href":"https:\/\/tech-inox.ind.br\/index.php\/wp-json\/wp\/v2\/users\/1"}],"replies":[{"embeddable":true,"href":"https:\/\/tech-inox.ind.br\/index.php\/wp-json\/wp\/v2\/comments?post=14"}],"version-history":[{"count":31,"href":"https:\/\/tech-inox.ind.br\/index.php\/wp-json\/wp\/v2\/pages\/14\/revisions"}],"predecessor-version":[{"id":1179,"href":"https:\/\/tech-inox.ind.br\/index.php\/wp-json\/wp\/v2\/pages\/14\/revisions\/1179"}],"wp:attachment":[{"href":"https:\/\/tech-inox.ind.br\/index.php\/wp-json\/wp\/v2\/media?parent=14"}],"curies":[{"name":"wp","href":"https:\/\/api.w.org\/{rel}","templated":true}]}}